{"id":99,"date":"2013-07-11T12:02:13","date_gmt":"2013-07-11T12:02:13","guid":{"rendered":"http:\/\/druzai.sustok.lt\/?page_id=99"},"modified":"2013-07-19T07:09:13","modified_gmt":"2013-07-19T07:09:13","slug":"lankytinos-vietos","status":"publish","type":"page","link":"http:\/\/druzai.lt\/?page_id=99","title":{"rendered":"Lankytinos vietos"},"content":{"rendered":"<p>\u0160alia kaimo teka up\u0117 \u0160irvinta. \u010cia palanki vieta turizmui su baidar\u0117mis. Kaimo turizmo sodyb\u0173 \u010dia n\u0117ra, ta\u010diau yra daug buvusi\u0173 karjer\u0173 \u2013 tvenkini\u0173, kuriuose veisiasi karosai, tod\u0117l netr\u016bksta me\u0161keriotoj\u0173.<\/p>\n","protected":false},"excerpt":{"rendered":"<p>\u0160alia kaimo teka up\u0117 \u0160irvinta. \u010cia palanki vieta turizmui su baidar\u0117mis. Kaimo turizmo sodyb\u0173 \u010dia n\u0117ra, ta\u010diau yra daug buvusi\u0173 karjer\u0173 \u2013 tvenkini\u0173, kuriuose veisiasi karosai, tod\u0117l netr\u016bksta me\u0161keriotoj\u0173.<\/p>\n","protected":false},"author":2,"featured_media":0,"parent":96,"menu_order":3,"comment_status":"closed","ping_status":"closed","template":"","meta":[],"_links":{"self":[{"href":"http:\/\/druzai.lt\/index.php?rest_route=\/wp\/v2\/pages\/99"}],"collection":[{"href":"http:\/\/druzai.lt\/index.php?rest_route=\/wp\/v2\/pages"}],"about":[{"href":"http:\/\/druzai.lt\/index.php?rest_route=\/wp\/v2\/types\/page"}],"author":[{"embeddable":true,"href":"http:\/\/druzai.lt\/index.php?rest_route=\/wp\/v2\/users\/2"}],"replies":[{"embeddable":true,"href":"http:\/\/druzai.lt\/index.php?rest_route=%2Fwp%2Fv2%2Fcomments&post=99"}],"version-history":[{"count":8,"href":"http:\/\/druzai.lt\/index.php?rest_route=\/wp\/v2\/pages\/99\/revisions"}],"predecessor-version":[{"id":1594,"href":"http:\/\/druzai.lt\/index.php?rest_route=\/wp\/v2\/pages\/99\/revisions\/1594"}],"up":[{"embeddable":true,"href":"http:\/\/druzai.lt\/index.php?rest_route=\/wp\/v2\/pages\/96"}],"wp:attachment":[{"href":"http:\/\/druzai.lt\/index.php?rest_route=%2Fwp%2Fv2%2Fmedia&parent=99"}],"curies":[{"name":"wp","href":"https:\/\/api.w.org\/{rel}","templated":true}]}}