{"id":96,"date":"2013-07-11T12:01:39","date_gmt":"2013-07-11T12:01:39","guid":{"rendered":"http:\/\/druzai.sustok.lt\/?page_id=96"},"modified":"2020-11-01T17:44:30","modified_gmt":"2020-11-01T17:44:30","slug":"druzu-kaimo-istorija","status":"publish","type":"page","link":"http:\/\/druzai.lt\/?page_id=96","title":{"rendered":"Dru\u017e\u0173 kaimo istorija"},"content":{"rendered":"<p>Dru\u017e\u0173 kaimas istoriniuose \u0161altiniuose pirm\u0105 kart\u0105 pamin\u0117tas 1795 metais. \u0160irvint\u0173 parapijos palivark\u0173 revizijos s\u0105ra\u0161uose. Tuo metu juose buvo 3 kiemai, kuriuose gyveno 18 baud\u017eiaunink\u0173 \u2013 9 vyrai ir 9 moterys ir 7 laisvieji \u017emon\u0117s \u2013 5 vyrai ir dvi moterys. Duomen\u0173 n\u0117ra kaip jis atsirado ir kod\u0117l \u0161is kaimas pavadintas Dru\u017eais.<\/p>\n<p>&nbsp;<\/p>\n<p>Jis \u012fsik\u016br\u0119s \u0160irvint\u0173 rajone, \u0160irvint\u0173 seni\u016bnijoje, 5 kilometrai \u012f pietvakarius nuo \u0160irvint\u0173 miesto, kairiajame \u0160irvintos krante. Architekt\u016brini\u0173 paminkl\u0173 kaime n\u0117ra. Pats kaimas u\u017eaugo apie 1974 \u2013 1989 metus. Iki tol \u010dia buvo keletas sodyb\u0173 ir keli daugiabu\u010diai. Kol\u016bki\u0173 egzistavimo laikotarpiu jis buvo tap\u0119s centrine gyvenviete, tod\u0117l \u010dia buvo statomi namai jauniems specialistams. \u0160iuo metu kaime yra 102 sodybos, kuriose gyvena 311 gyventoj\u0173.<\/p>\n<p>Kaimas priklauso \u0160irvint\u0173 parapijai. 2000 \u2013 \u0173j\u0173 met\u0173 bir\u017eel\u012f jame pastatytas kry\u017eius, kurio autorius \u2013 tautodailininkas K\u0119stutis Noru\u0161is.<br \/>\nDru\u017e\u0173 kaime nuo 1953 \u2013 \u0173j\u0173 met\u0173 iki 2008-\u0173j\u0173 veik\u0117 Dvar\u010dioni\u0173 statybini\u0173 med\u017eiag\u0173 kombinato cechas, , biblioteka \u2013 nuo 1959 met\u0173, pradin\u0117 mokykla \u2013 nuo 1928 met\u0173, dabar nebeveikianti, kult\u016bros centro laisvalaikio sal\u0117, dvi medienos apdirbimo \u012fmon\u0117s. Nuo 1970 met\u0173 iki 2005 met\u0173 \u010dia veik\u0117 fel\u010derinis \u2013 aku\u0161erinis punktas, nuo 1984 met\u0173 iki 1992 met\u0173 \u2013 vaik\u0173 lop\u0161elis \u2013 dar\u017eelis.<br \/>\n2002 \u2013 aisiais metais kaime \u012fkurta Dru\u017e\u0173 kaimo bendruomen\u0117.<br \/>\n2005 \u2013 aisiais metais Dru\u017e\u0173 bibliotekoje \u012fkurtas Vie\u0161ojo interneto prieigos ta\u0161kas \u2013 VIPT-as.<\/p>\n<p><img loading=\"lazy\" alt=\"\" src=\"http:\/\/www.vipt.lt\/cms\/files\/vipt\/resources\/5043_istorija.jpg\" width=\"300\" height=\"153\" align=\"left\" border=\"1\" \/><\/p>\n<p>&nbsp;<\/p>\n<p>&nbsp;<\/p>\n<p>&nbsp;<\/p>\n<p>&nbsp;<\/p>\n<p>&nbsp;<\/p>\n<p><a href=\"http:\/\/druzai.lt\/?page_id=99\">Lankytinos vietos<\/a><\/p>\n<p><a href=\"http:\/\/druzai.lt\/?page_id=16\">Leidiniai apie kaim\u0105<\/a><\/p>\n<p><a href=\"http:\/\/druzai.lt\/?page_id=18\">Himnas<\/a><\/p>\n","protected":false},"excerpt":{"rendered":"<p>Dru\u017e\u0173 kaimas istoriniuose \u0161altiniuose pirm\u0105 kart\u0105 pamin\u0117tas 1795 metais. \u0160irvint\u0173 parapijos palivark\u0173 revizijos s\u0105ra\u0161uose. Tuo metu juose buvo 3 kiemai, kuriuose gyveno 18 baud\u017eiaunink\u0173 \u2013 9 vyrai ir 9 moterys ir 7 laisvieji \u017emon\u0117s \u2013 5 vyrai ir dvi moterys. Duomen\u0173 n\u0117ra kaip jis atsirado ir kod\u0117l \u0161is kaimas pavadintas Dru\u017eais. &nbsp; Jis \u012fsik\u016br\u0119s \u0160irvint\u0173 [&hellip;]<\/p>\n","protected":false},"author":2,"featured_media":0,"parent":0,"menu_order":2,"comment_status":"closed","ping_status":"closed","template":"","meta":[],"_links":{"self":[{"href":"http:\/\/druzai.lt\/index.php?rest_route=\/wp\/v2\/pages\/96"}],"collection":[{"href":"http:\/\/druzai.lt\/index.php?rest_route=\/wp\/v2\/pages"}],"about":[{"href":"http:\/\/druzai.lt\/index.php?rest_route=\/wp\/v2\/types\/page"}],"author":[{"embeddable":true,"href":"http:\/\/druzai.lt\/index.php?rest_route=\/wp\/v2\/users\/2"}],"replies":[{"embeddable":true,"href":"http:\/\/druzai.lt\/index.php?rest_route=%2Fwp%2Fv2%2Fcomments&post=96"}],"version-history":[{"count":10,"href":"http:\/\/druzai.lt\/index.php?rest_route=\/wp\/v2\/pages\/96\/revisions"}],"predecessor-version":[{"id":6847,"href":"http:\/\/druzai.lt\/index.php?rest_route=\/wp\/v2\/pages\/96\/revisions\/6847"}],"wp:attachment":[{"href":"http:\/\/druzai.lt\/index.php?rest_route=%2Fwp%2Fv2%2Fmedia&parent=96"}],"curies":[{"name":"wp","href":"https:\/\/api.w.org\/{rel}","templated":true}]}}