{"id":93,"date":"2013-07-11T12:01:06","date_gmt":"2013-07-11T12:01:06","guid":{"rendered":"http:\/\/druzai.sustok.lt\/?page_id=93"},"modified":"2020-11-03T20:46:19","modified_gmt":"2020-11-03T20:46:19","slug":"puslapiai-2","status":"publish","type":"page","link":"http:\/\/druzai.lt\/?page_id=93","title":{"rendered":"Puslapiai"},"content":{"rendered":"<p><a href=\"http:\/\/druzai.lt\/?page_id=96\">Dru\u017e\u0173 kaimo istorija \u00bb<\/a><\/p>\n<p>-&gt;<a href=\"http:\/\/druzai.lt\/?page_id=99\">Lankytinos vietos<\/a><\/p>\n<p>-&gt;<a href=\"http:\/\/druzai.lt\/?page_id=16\">Leidiniai apie kaim\u0105<\/a><\/p>\n<p>-&gt;<a href=\"http:\/\/druzai.lt\/?page_id=18\">Himnas<\/a><\/p>\n<p><a href=\"http:\/\/druzai.lt\/?page_id=21\">NVO \u201eDru\u017e\u0173 kaimo bendruomen\u0117\u201c \u00bb<\/a><\/p>\n<p>-&gt;<a href=\"http:\/\/druzai.lt\/?page_id=23\">Istorija<\/a><\/p>\n<p>-&gt;<a href=\"http:\/\/druzai.lt\/?page_id=38\">Vizija, misija<\/a><\/p>\n<p>-&gt;<a href=\"http:\/\/druzai.lt\/?page_id=41\">Herbas<\/a><\/p>\n<p>-&gt;<a href=\"http:\/\/druzai.lt\/?page_id=43\">Strukt\u016bra ir kontaktai<\/a><\/p>\n<p>-&gt;Bendruomen\u0117s forumas: bendraukime<\/p>\n<p>-&gt;<a href=\"http:\/\/druzai.lt\/?page_id=48\">Projektai<\/a><\/p>\n<p>-&gt;<a href=\"http:\/\/druzai.lt\/?page_id=126\">Dokumentai<\/a><\/p>\n<p>-&gt;<a href=\"http:\/\/druzai.lt\/?page_id=128\">Vie\u0161ieji pirkimai<\/a><\/p>\n<p>-&gt;1,<a href=\"http:\/\/druzai.lt\/?page_id=131\">2% parama<\/a><\/p>\n<p><a href=\"http:\/\/druzai.lt\/?page_id=134\">Moter\u0173 klubas \u201eDru\u017einta\u201c \u00bb<\/a><\/p>\n<p>-&gt;<a href=\"http:\/\/druzai.lt\/?page_id=137\">Parodos<\/a><\/p>\n<p>-&gt;<a href=\"http:\/\/druzai.lt\/?page_id=139\">Veikla<\/a><\/p>\n<p><a href=\"http:\/\/druzai.lt\/?page_id=141\">Aviamodeli\u0173 b\u016brelis \u00bb<\/a><\/p>\n<p>-&gt;<a href=\"http:\/\/druzai.lt\/?page_id=144\">Istorija<\/a><\/p>\n<p>-&gt;<a href=\"http:\/\/druzai.lt\/?page_id=146\">Veikla<\/a><\/p>\n<p>-&gt;<a href=\"http:\/\/druzai.lt\/?page_id=151\">Var\u017eybos<\/a><\/p>\n<p><a href=\"http:\/\/druzai.lt\/?page_id=154\">Kaimo \u012fstaigos \u00bb<\/a><\/p>\n<p>-&gt;<a href=\"http:\/\/druzai.lt\/?page_id=157\">Biblioteka<\/a><\/p>\n<p>-&gt;<a href=\"http:\/\/druzai.lt\/?page_id=158\">Kult\u016bros namai<\/a><\/p>\n<p>-&gt;<a href=\"http:\/\/druzai.lt\/?page_id=159\">Parduotuv\u0117s<\/a><\/p>\n<p><a href=\"http:\/\/druzai.lt\/?page_id=161\">Verslas, \u016bkininkai \u00bb<\/a><\/p>\n<p>-&gt;<a href=\"http:\/\/druzai.lt\/?page_id=164\">Staliaus darbai<\/a><\/p>\n<p>-&gt;<a href=\"http:\/\/druzai.lt\/?page_id=165\">Sodininkyst\u0117<\/a><\/p>\n<p>-&gt;<a href=\"http:\/\/druzai.lt\/?page_id=167\">Uogininkyst\u0117<\/a><\/p>\n<p>-&gt;<a href=\"http:\/\/druzai.lt\/?page_id=170\">Dar\u017eininkyst\u0117<\/a><\/p>\n<p>-&gt;<a href=\"http:\/\/druzai.lt\/?page_id=172\">Kaimo turizmas<\/a><\/p>\n<p><a href=\"http:\/\/druzai.lt\/?page_id=174\">Kvie\u010diame<\/a><\/p>\n<p><a href=\"http:\/\/druzai.lt\/?page_id=176\">Sveikiname<\/a><\/p>\n<p><a href=\"http:\/\/druzai.lt\/?page_id=180\">D\u0117kojame<\/a><\/p>\n<p><a href=\"http:\/\/druzai.lt\/?page_id=183\">Fotogalerija<\/a><\/p>\n<p><a href=\"http:\/\/druzai.lt\/?page_id=186\">Videogalerija<\/a><\/p>\n<p><a href=\"http:\/\/druzai.lt\/?page_id=189\">Naudinga informacija<\/a><\/p>\n<p><a href=\"http:\/\/druzai.lt\/?page_id=192\">Kontaktai<\/a><\/p>\n<p><a href=\"http:\/\/druzai.lt\/?page_id=195\">English<\/a><\/p>\n","protected":false},"excerpt":{"rendered":"<p>Dru\u017e\u0173 kaimo istorija \u00bb -&gt;Lankytinos vietos -&gt;Leidiniai apie kaim\u0105 -&gt;Himnas NVO \u201eDru\u017e\u0173 kaimo bendruomen\u0117\u201c \u00bb -&gt;Istorija -&gt;Vizija, misija -&gt;Herbas -&gt;Strukt\u016bra ir kontaktai -&gt;Bendruomen\u0117s forumas: bendraukime -&gt;Projektai -&gt;Dokumentai -&gt;Vie\u0161ieji pirkimai -&gt;1,2% parama Moter\u0173 klubas \u201eDru\u017einta\u201c \u00bb -&gt;Parodos -&gt;Veikla Aviamodeli\u0173 b\u016brelis \u00bb -&gt;Istorija -&gt;Veikla -&gt;Var\u017eybos Kaimo \u012fstaigos \u00bb -&gt;Biblioteka -&gt;Kult\u016bros namai -&gt;Parduotuv\u0117s Verslas, \u016bkininkai \u00bb -&gt;Staliaus darbai [&hellip;]<\/p>\n","protected":false},"author":2,"featured_media":0,"parent":0,"menu_order":1,"comment_status":"closed","ping_status":"closed","template":"","meta":[],"_links":{"self":[{"href":"http:\/\/druzai.lt\/index.php?rest_route=\/wp\/v2\/pages\/93"}],"collection":[{"href":"http:\/\/druzai.lt\/index.php?rest_route=\/wp\/v2\/pages"}],"about":[{"href":"http:\/\/druzai.lt\/index.php?rest_route=\/wp\/v2\/types\/page"}],"author":[{"embeddable":true,"href":"http:\/\/druzai.lt\/index.php?rest_route=\/wp\/v2\/users\/2"}],"replies":[{"embeddable":true,"href":"http:\/\/druzai.lt\/index.php?rest_route=%2Fwp%2Fv2%2Fcomments&post=93"}],"version-history":[{"count":15,"href":"http:\/\/druzai.lt\/index.php?rest_route=\/wp\/v2\/pages\/93\/revisions"}],"predecessor-version":[{"id":6994,"href":"http:\/\/druzai.lt\/index.php?rest_route=\/wp\/v2\/pages\/93\/revisions\/6994"}],"wp:attachment":[{"href":"http:\/\/druzai.lt\/index.php?rest_route=%2Fwp%2Fv2%2Fmedia&parent=93"}],"curies":[{"name":"wp","href":"https:\/\/api.w.org\/{rel}","templated":true}]}}