{"id":48,"date":"2013-07-11T10:21:37","date_gmt":"2013-07-11T10:21:37","guid":{"rendered":"http:\/\/druzai.sustok.lt\/?page_id=48"},"modified":"2013-10-01T19:51:36","modified_gmt":"2013-10-01T19:51:36","slug":"projektai","status":"publish","type":"page","link":"http:\/\/druzai.lt\/?page_id=48","title":{"rendered":"Projektai"},"content":{"rendered":"<p><strong>Dru\u017e\u0173 kaimo bendruomen\u0117s \u012fgyvendinti ir vykdomi projektai<\/strong><\/p>\n<p>\u201eDarbe ir \u0161vent\u0117je kartu\u201c \u2013 naujametiniai renginiai, skirti bendruomenini\u0173 tradicij\u0173 ugdymui. \u0160irvint\u0173 rajono VORK<\/p>\n<p>\u201ePakvieskim \u0161vent\u0119 \u012f sve\u010dius\u201c \u2013 pabaigtuvi\u0173 \u0161ventei \u2013 bendruomen\u0117s stiprinimui. \u0160irvint\u0173 rajono VORK<\/p>\n<p>\u201ePasitik\u0117jimas ir bendrabarbiavimas skatina tapti Kredito Unijos nariu \u201e &#8211; LKU projektas, skirtas kaimo bendruomen\u0117s verslumo ugdymui.<\/p>\n<p>\u201eTurtinga \u017einiomis bendruomen\u0117\u201c \u2013 turtinga nariais Kredito Unija\u201c \u2013 LKU projektas, skirtas bendruomen\u0117s supa\u017eindinimui su KU paslaugomis.<\/p>\n<p>\u201eVIPT- vie\u0161asis internetas kaimo \u017emogui\u201c \u2013 supa\u017eindinimas su IT. Vidaus reikal\u0173 ministerija.<\/p>\n<p>\u201eVeikime drauge &#8211; ie\u0161kokime kuo didesni\u0173 veiklos galimybi\u0173 nuo esamos situacijos iki siekiamos\u201c \u2013 veiklos programa 2006 \u2013 iesiems metams &#8211; \u0160irvint\u0173 rajono VORK<\/p>\n<p>\u201eMoteris lygiateis\u0117 informacini\u0173 technologij\u0173 paslaug\u0173 vartotoja\u201c \u2013 moter\u0173 kompiuterinio ra\u0161tingumo didinimas &#8211; Atviros Lietuvos Fondas.<\/p>\n<p>\u201eM\u016bs\u0173 tikslas \u2013 vieninga ir stipri bendruomen\u0117\u201c \u2013 bendruomen\u0117s aktyvinimui. \u0160irvint\u0173 VORK.<\/p>\n<p>\u201eBendruomeninis darbas augina lyderius\u201c \u2013 jaunimo problem\u0173 sprendimas \u0160irvint\u0173 VORK.<\/p>\n<p>\u201eMus vienija gimtasis m\u016bs\u0173 kaimas \u2013 kaip vieno med\u017eio \u0161aknys mes b\u016bsime kartu\u201c \u2013 Kra\u0161tie\u010di\u0173 \u0161vent\u0117s organizavimas &#8211; \u0160irvint\u0173 VORK<\/p>\n<p>\u201eLyderiai, sportas ir knyga \u2013 jaunimas tai bendruomen\u0117s j\u0117ga\u201c \u2013 jaunimo aktyvinimui \u0160irvint\u0173 VORK<\/p>\n<p>\u201eKredito Unija remia bendruomenes pinigais o bendruomen\u0117s Kredito Unijas nariais\u201c \u2013 bendruomen\u0117s pa\u017eintin\u0117ms kelion\u0117ms. LKU<\/p>\n<p>\u201eJaunimo ir vaik\u0173 sveikatingumo gerinimo programa \u010ciobi\u0161kio socializacijos centre\u201c \u2013 Jaunimo ir vaik\u0173 laisvalaikio gerinimui. Sveikatos apsaugos ministerija<\/p>\n<p>\u201eDru\u017e\u0173 kaimo bendruomen\u0117s nari\u0173 kompiuterinio ra\u0161tingumo ir informacini\u0173 geb\u0117jim\u0173 skatinimas, bendruomen\u0117s veiklos aktyvinimas ir vie\u0161inimas, kra\u0161tie\u010di\u0173 pritraukimas\u201c &#8211; \u017dem\u0117s \u016bkio ministerija<br \/>\nValstyb\u0117s parama kaimo bendruomen\u0117ms ir vietos veiklos grupi\u0173 veiklai remti.<\/p>\n<p>\u201eDru\u017e\u0173 kaimo bendruomen\u0117s verslumo skatinimas\u201c &#8211; Nacionalinis kaimo tinklas<\/p>\n<p>\u201eDru\u017e\u0173 kaimo bendruomen\u0117s aktyvumo skatinimas: Dru\u017e\u0173 kaimas- vieta, kur svarbus kiekvienas \u017emogus\u201c &#8211; Kaimo pl\u0117tros \u201eLeader\u201c programa.<\/p>\n<p>\u201eBendraudami ir bendradarbiaudami augame ir tobul\u0117jame\u201c-Nacionalinis kaimo tinklas<\/p>\n<p style=\"text-align: left;\" align=\"center\">Dru\u017e\u0173 kaimo senjor\u0173 ir vaik\u0173 socialini\u0173 \u012fg\u016bd\u017ei\u0173 skatinimas ir integracija \u012f bendruomen\u0117s gyvenim\u0105\u201c- Socialin\u0117s apsaugos ir darbo ministerija<\/p>\n<p style=\"text-align: left;\" align=\"center\">\u201eUgdydami sveikatingumo ir socialinius \u012fg\u016bd\u017eius skatiname\u00a0 integracij\u0105 \u012f bendruomen\u0117s gyvenim\u0105\u201c &#8211; Socialin\u0117s apsaugos ir darbo ministerija<\/p>\n<p style=\"text-align: left;\" align=\"center\">Verslumas &#8211; kaimo bendruomen\u0117s gyvybingumo garantas\u201c -\u017dem\u0117s \u016bkio ministerija<\/p>\n","protected":false},"excerpt":{"rendered":"<p>Dru\u017e\u0173 kaimo bendruomen\u0117s \u012fgyvendinti ir vykdomi projektai \u201eDarbe ir \u0161vent\u0117je kartu\u201c \u2013 naujametiniai renginiai, skirti bendruomenini\u0173 tradicij\u0173 ugdymui. \u0160irvint\u0173 rajono VORK \u201ePakvieskim \u0161vent\u0119 \u012f sve\u010dius\u201c \u2013 pabaigtuvi\u0173 \u0161ventei \u2013 bendruomen\u0117s stiprinimui. \u0160irvint\u0173 rajono VORK \u201ePasitik\u0117jimas ir bendrabarbiavimas skatina tapti Kredito Unijos nariu \u201e &#8211; LKU projektas, skirtas kaimo bendruomen\u0117s verslumo ugdymui. \u201eTurtinga \u017einiomis bendruomen\u0117\u201c \u2013 [&hellip;]<\/p>\n","protected":false},"author":2,"featured_media":0,"parent":21,"menu_order":12,"comment_status":"closed","ping_status":"closed","template":"","meta":[],"_links":{"self":[{"href":"http:\/\/druzai.lt\/index.php?rest_route=\/wp\/v2\/pages\/48"}],"collection":[{"href":"http:\/\/druzai.lt\/index.php?rest_route=\/wp\/v2\/pages"}],"about":[{"href":"http:\/\/druzai.lt\/index.php?rest_route=\/wp\/v2\/types\/page"}],"author":[{"embeddable":true,"href":"http:\/\/druzai.lt\/index.php?rest_route=\/wp\/v2\/users\/2"}],"replies":[{"embeddable":true,"href":"http:\/\/druzai.lt\/index.php?rest_route=%2Fwp%2Fv2%2Fcomments&post=48"}],"version-history":[{"count":10,"href":"http:\/\/druzai.lt\/index.php?rest_route=\/wp\/v2\/pages\/48\/revisions"}],"predecessor-version":[{"id":292,"href":"http:\/\/druzai.lt\/index.php?rest_route=\/wp\/v2\/pages\/48\/revisions\/292"}],"up":[{"embeddable":true,"href":"http:\/\/druzai.lt\/index.php?rest_route=\/wp\/v2\/pages\/21"}],"wp:attachment":[{"href":"http:\/\/druzai.lt\/index.php?rest_route=%2Fwp%2Fv2%2Fmedia&parent=48"}],"curies":[{"name":"wp","href":"https:\/\/api.w.org\/{rel}","templated":true}]}}