{"id":41,"date":"2013-07-11T10:20:09","date_gmt":"2013-07-11T10:20:09","guid":{"rendered":"http:\/\/druzai.sustok.lt\/?page_id=41"},"modified":"2013-10-01T20:26:19","modified_gmt":"2013-10-01T20:26:19","slug":"herbas","status":"publish","type":"page","link":"http:\/\/druzai.lt\/?page_id=41","title":{"rendered":"Herbas"},"content":{"rendered":"<p align=\"center\"><strong>\u00a0 Herbas<\/strong><\/p>\n<p align=\"center\"><a href=\"http:\/\/druzai.lt\/wp-content\/uploads\/2013\/07\/druzu-logo.jpg\"><img loading=\"lazy\" alt=\"druzu logo\" src=\"http:\/\/druzai.lt\/wp-content\/uploads\/2013\/07\/druzu-logo.jpg\" width=\"105\" height=\"131\" \/><\/a><\/p>\n<p align=\"center\"><strong>\u00a0Dru\u017e\u0173 kaimo bendruomen\u0117s herbas sukurtas 2003- iais metais.<\/strong><\/p>\n<p align=\"center\"><strong>Tai karpinys, sukurtas Dru\u017e\u0173 kaimo moter\u0173.<\/strong><\/p>\n<p align=\"center\">Dru\u017e\u0173 kaimo bendruomen\u0117 \u012fsik\u016br\u0117 2002 \u2013 aisiais metais. Draug\u0117n susib\u016br\u0119 iniciatyv\u016bs \u017emon\u0117s nutar\u0117, kad reikia susiburti tam, kad kaime tapt\u0173 \u0161viesiau. Bendruomen\u0117s Tarybos pirminink\u0117 Dalia Taparauskien\u0117. Bendruomen\u0117 organizuoja renginius, talkas, dalyvauja \u012fvairiuose renginiuose. \u010cia vyksta vakaron\u0117s, sporto renginiai jaunimui, renkama gra\u017eiausia Dru\u017e\u0173 kaimo sodyba.<\/p>\n<p>Per Kal\u0117das Dru\u017e\u0173 kaimas virsta karalyste \u2013 \u010dia jau\u00a0penktus \u00a0metus i\u0161renkami Karalius ir Karalien\u0117.\u00a0Bendruomen\u0117 vienija vir\u0161 70 tikr\u0173j\u0173 bendruomen\u0117s nari\u0173.\u00a0 Tai \u017emon\u0117s, mokantys nario mokes\u010dius, aktyviai dalyvaujantys veikloje, organizuojantys renginius. Vaikai ir jaunimas\u00a0 &#8211; bendruomen\u0117s pamaina, jie bendruomen\u0117s pagalbininkai. Bendruomen\u0117 rengia ir dalyvauja \u012fvairiuose projektuose, buria \u017emones bendrai veiklai. Organizuojamos kelion\u0117s po \u017eymias Lietuvos vietas.<\/p>\n<p>Nuo 2005 \u2013 \u0173j\u0173 met\u0173 baland\u017eio m\u0117n. bendruomen\u0117 turi savo patalpas<\/p>\n<p align=\"center\">Kvie\u010diame apsilankyti !<\/p>\n","protected":false},"excerpt":{"rendered":"<p>\u00a0 Herbas \u00a0Dru\u017e\u0173 kaimo bendruomen\u0117s herbas sukurtas 2003- iais metais. Tai karpinys, sukurtas Dru\u017e\u0173 kaimo moter\u0173. Dru\u017e\u0173 kaimo bendruomen\u0117 \u012fsik\u016br\u0117 2002 \u2013 aisiais metais. Draug\u0117n susib\u016br\u0119 iniciatyv\u016bs \u017emon\u0117s nutar\u0117, kad reikia susiburti tam, kad kaime tapt\u0173 \u0161viesiau. Bendruomen\u0117s Tarybos pirminink\u0117 Dalia Taparauskien\u0117. Bendruomen\u0117 organizuoja renginius, talkas, dalyvauja \u012fvairiuose renginiuose. \u010cia vyksta vakaron\u0117s, sporto renginiai jaunimui, [&hellip;]<\/p>\n","protected":false},"author":2,"featured_media":0,"parent":21,"menu_order":9,"comment_status":"closed","ping_status":"closed","template":"","meta":[],"_links":{"self":[{"href":"http:\/\/druzai.lt\/index.php?rest_route=\/wp\/v2\/pages\/41"}],"collection":[{"href":"http:\/\/druzai.lt\/index.php?rest_route=\/wp\/v2\/pages"}],"about":[{"href":"http:\/\/druzai.lt\/index.php?rest_route=\/wp\/v2\/types\/page"}],"author":[{"embeddable":true,"href":"http:\/\/druzai.lt\/index.php?rest_route=\/wp\/v2\/users\/2"}],"replies":[{"embeddable":true,"href":"http:\/\/druzai.lt\/index.php?rest_route=%2Fwp%2Fv2%2Fcomments&post=41"}],"version-history":[{"count":8,"href":"http:\/\/druzai.lt\/index.php?rest_route=\/wp\/v2\/pages\/41\/revisions"}],"predecessor-version":[{"id":1603,"href":"http:\/\/druzai.lt\/index.php?rest_route=\/wp\/v2\/pages\/41\/revisions\/1603"}],"up":[{"embeddable":true,"href":"http:\/\/druzai.lt\/index.php?rest_route=\/wp\/v2\/pages\/21"}],"wp:attachment":[{"href":"http:\/\/druzai.lt\/index.php?rest_route=%2Fwp%2Fv2%2Fmedia&parent=41"}],"curies":[{"name":"wp","href":"https:\/\/api.w.org\/{rel}","templated":true}]}}