{"id":38,"date":"2013-07-11T10:17:54","date_gmt":"2013-07-11T10:17:54","guid":{"rendered":"http:\/\/druzai.sustok.lt\/?page_id=38"},"modified":"2020-11-01T17:41:12","modified_gmt":"2020-11-01T17:41:12","slug":"vizija-misija","status":"publish","type":"page","link":"http:\/\/druzai.lt\/?page_id=38","title":{"rendered":"Vizija, misija"},"content":{"rendered":"<p><strong>Dru\u017e\u0173 kaimo bendruomen\u0117s vizija:<\/strong><\/p>\n<p>Dru\u017e\u0173 kaimas &#8211; vieta, kur gera augti ma\u017eam, smagu ir jauku gyventi suaugusiam ir\u00a0 oriai senti pagyvenusiam.<\/p>\n<p><strong>Misija:<\/strong><\/p>\n<p>Sutelkti bendras kaimo gyventoj\u0173 j\u0117gas tam, kad b\u016bt\u0173 pasiektas bendras tikslas, siekiant visijoje numatyt\u0173 tiksl\u0173.<\/p>\n<p>&nbsp;<\/p>\n","protected":false},"excerpt":{"rendered":"<p>Dru\u017e\u0173 kaimo bendruomen\u0117s vizija: Dru\u017e\u0173 kaimas &#8211; vieta, kur gera augti ma\u017eam, smagu ir jauku gyventi suaugusiam ir\u00a0 oriai senti pagyvenusiam. Misija: Sutelkti bendras kaimo gyventoj\u0173 j\u0117gas tam, kad b\u016bt\u0173 pasiektas bendras tikslas, siekiant visijoje numatyt\u0173 tiksl\u0173. &nbsp;<\/p>\n","protected":false},"author":2,"featured_media":0,"parent":21,"menu_order":8,"comment_status":"closed","ping_status":"closed","template":"","meta":[],"_links":{"self":[{"href":"http:\/\/druzai.lt\/index.php?rest_route=\/wp\/v2\/pages\/38"}],"collection":[{"href":"http:\/\/druzai.lt\/index.php?rest_route=\/wp\/v2\/pages"}],"about":[{"href":"http:\/\/druzai.lt\/index.php?rest_route=\/wp\/v2\/types\/page"}],"author":[{"embeddable":true,"href":"http:\/\/druzai.lt\/index.php?rest_route=\/wp\/v2\/users\/2"}],"replies":[{"embeddable":true,"href":"http:\/\/druzai.lt\/index.php?rest_route=%2Fwp%2Fv2%2Fcomments&post=38"}],"version-history":[{"count":9,"href":"http:\/\/druzai.lt\/index.php?rest_route=\/wp\/v2\/pages\/38\/revisions"}],"predecessor-version":[{"id":1608,"href":"http:\/\/druzai.lt\/index.php?rest_route=\/wp\/v2\/pages\/38\/revisions\/1608"}],"up":[{"embeddable":true,"href":"http:\/\/druzai.lt\/index.php?rest_route=\/wp\/v2\/pages\/21"}],"wp:attachment":[{"href":"http:\/\/druzai.lt\/index.php?rest_route=%2Fwp%2Fv2%2Fmedia&parent=38"}],"curies":[{"name":"wp","href":"https:\/\/api.w.org\/{rel}","templated":true}]}}