{"id":21,"date":"2013-07-11T09:48:16","date_gmt":"2013-07-11T09:48:16","guid":{"rendered":"http:\/\/druzai.sustok.lt\/?page_id=21"},"modified":"2020-11-01T18:04:17","modified_gmt":"2020-11-01T18:04:17","slug":"nvo-druzu-kaimo-bendruomene","status":"publish","type":"page","link":"http:\/\/druzai.lt\/?page_id=21","title":{"rendered":"NVO \u201eDru\u017e\u0173 kaimo bendruomen\u0117\u201c"},"content":{"rendered":"<p><a href=\"http:\/\/druzai.lt\/?page_id=23\">Istorija<\/a><\/p>\n<p><a href=\"http:\/\/druzai.lt\/?page_id=38\">Vizija, misija<\/a><\/p>\n<p><a href=\"http:\/\/druzai.lt\/?page_id=41\">Herbas<\/a><\/p>\n<p><a href=\"http:\/\/druzai.lt\/?page_id=43\">Strukt\u016bra ir kontaktai<\/a><\/p>\n<p><a href=\"http:\/\/druzai.lt\/?page_id=123\">Taryba<\/a><\/p>\n<p><a href=\"http:\/\/druzai.lt\/?page_id=48\">Projektai<\/a><\/p>\n<p><a href=\"http:\/\/druzai.lt\/?page_id=126\">Dokumentai<\/a><\/p>\n<p><a href=\"http:\/\/druzai.lt\/?page_id=128\">Vie\u0161ieji pirkimai<\/a><\/p>\n<p><a href=\"http:\/\/druzai.lt\/?page_id=131\">2% parama<\/a><\/p>\n<p>&nbsp;<\/p>\n","protected":false},"excerpt":{"rendered":"<p>Istorija Vizija, misija Herbas Strukt\u016bra ir kontaktai Taryba Projektai Dokumentai Vie\u0161ieji pirkimai 2% parama &nbsp;<\/p>\n","protected":false},"author":2,"featured_media":0,"parent":0,"menu_order":6,"comment_status":"closed","ping_status":"closed","template":"","meta":[],"_links":{"self":[{"href":"http:\/\/druzai.lt\/index.php?rest_route=\/wp\/v2\/pages\/21"}],"collection":[{"href":"http:\/\/druzai.lt\/index.php?rest_route=\/wp\/v2\/pages"}],"about":[{"href":"http:\/\/druzai.lt\/index.php?rest_route=\/wp\/v2\/types\/page"}],"author":[{"embeddable":true,"href":"http:\/\/druzai.lt\/index.php?rest_route=\/wp\/v2\/users\/2"}],"replies":[{"embeddable":true,"href":"http:\/\/druzai.lt\/index.php?rest_route=%2Fwp%2Fv2%2Fcomments&post=21"}],"version-history":[{"count":12,"href":"http:\/\/druzai.lt\/index.php?rest_route=\/wp\/v2\/pages\/21\/revisions"}],"predecessor-version":[{"id":6854,"href":"http:\/\/druzai.lt\/index.php?rest_route=\/wp\/v2\/pages\/21\/revisions\/6854"}],"wp:attachment":[{"href":"http:\/\/druzai.lt\/index.php?rest_route=%2Fwp%2Fv2%2Fmedia&parent=21"}],"curies":[{"name":"wp","href":"https:\/\/api.w.org\/{rel}","templated":true}]}}