{"id":195,"date":"2013-07-11T12:38:14","date_gmt":"2013-07-11T12:38:14","guid":{"rendered":"http:\/\/druzai.sustok.lt\/?page_id=195"},"modified":"2013-08-05T19:26:27","modified_gmt":"2013-08-05T19:26:27","slug":"english","status":"publish","type":"page","link":"http:\/\/druzai.lt\/?page_id=195","title":{"rendered":"English"},"content":{"rendered":"<p><span style=\"color: #003300;\"><strong>Community of Druzai village\u00a0<\/strong><\/span><\/p>\n<p>About the village:<\/p>\n<p>Located in the Sirvintos district; 102 family homes;\u00a0 population &#8211; 311. Druzai:<\/p>\n<div>Day Centre<\/div>\n<div>Library<\/div>\n<div>Druzai rural community<\/div>\n<div><\/div>\n<div>About\u00a0 Druzai rural community: <a href=\"http:\/\/druzai.lt\/wp-content\/uploads\/2013\/07\/Dru\u017e\u0173-kaimo-bendruomen\u0117-EN.ppt\">Dru\u017e\u0173 kaimo bendruomen\u0117-EN<\/a><\/div>\n","protected":false},"excerpt":{"rendered":"<p>Community of Druzai village\u00a0 About the village: Located in the Sirvintos district; 102 family homes;\u00a0 population &#8211; 311. Druzai: Day Centre Library Druzai rural community About\u00a0 Druzai rural community: Dru\u017e\u0173 kaimo bendruomen\u0117-EN<\/p>\n","protected":false},"author":2,"featured_media":0,"parent":0,"menu_order":39,"comment_status":"closed","ping_status":"closed","template":"","meta":[],"_links":{"self":[{"href":"http:\/\/druzai.lt\/index.php?rest_route=\/wp\/v2\/pages\/195"}],"collection":[{"href":"http:\/\/druzai.lt\/index.php?rest_route=\/wp\/v2\/pages"}],"about":[{"href":"http:\/\/druzai.lt\/index.php?rest_route=\/wp\/v2\/types\/page"}],"author":[{"embeddable":true,"href":"http:\/\/druzai.lt\/index.php?rest_route=\/wp\/v2\/users\/2"}],"replies":[{"embeddable":true,"href":"http:\/\/druzai.lt\/index.php?rest_route=%2Fwp%2Fv2%2Fcomments&post=195"}],"version-history":[{"count":5,"href":"http:\/\/druzai.lt\/index.php?rest_route=\/wp\/v2\/pages\/195\/revisions"}],"predecessor-version":[{"id":1638,"href":"http:\/\/druzai.lt\/index.php?rest_route=\/wp\/v2\/pages\/195\/revisions\/1638"}],"wp:attachment":[{"href":"http:\/\/druzai.lt\/index.php?rest_route=%2Fwp%2Fv2%2Fmedia&parent=195"}],"curies":[{"name":"wp","href":"https:\/\/api.w.org\/{rel}","templated":true}]}}