{"id":189,"date":"2013-07-11T12:36:35","date_gmt":"2013-07-11T12:36:35","guid":{"rendered":"http:\/\/druzai.sustok.lt\/?page_id=189"},"modified":"2024-01-14T20:47:11","modified_gmt":"2024-01-14T20:47:11","slug":"naudinga-informacija","status":"publish","type":"page","link":"http:\/\/druzai.lt\/?page_id=189","title":{"rendered":"Naudinga informacija"},"content":{"rendered":"<h2>Apie mus dar rasite:<\/h2>\n<h2><a href=\"http:\/\/\/www.google.lt\/#q=dru\u017e\u0173+kaimo+bendruomen\u0117\">www.google.lt<\/a><\/h2>\n<h2>\u0160irvint\u0173 rajono savivaldyb\u0117s svetain\u0117: <a href=\"http:\/\/www.sirvintos.lt\">www.sirvintos.lt<\/a><\/h2>\n<h2>\u0160irvint\u0173 vietos veiklos grup\u0117: <a href=\"http:\/\/www.sirvintuvvg.lt\">www.sirvintuvvg.lt<\/a><\/h2>\n<h2>Laikra\u0161tis: \u201e\u0160irvint\u0173 kra\u0161tas\u201c: <a href=\"http:\/\/www.sirvinta.net\">www.sirvinta.net<\/a><\/h2>\n<h2>\u0160irvint\u0173 kult\u016bros centro svetain\u0117: <a href=\"http:\/\/www.sirvintukc.lt\">www.sirvintukc.lt<\/a><\/h2>\n<h2>\u0160irvint\u0173 vie\u0161osios bibliotekos svetain\u0117: <a href=\"http:\/\/www.sirvintuvb.lt\">www.sirvintuvb.lt<\/a><\/h2>\n<h2><\/h2>\n<h2><\/h2>\n","protected":false},"excerpt":{"rendered":"<p>Apie mus dar rasite: www.google.lt \u0160irvint\u0173 rajono savivaldyb\u0117s svetain\u0117: www.sirvintos.lt \u0160irvint\u0173 vietos veiklos grup\u0117: www.sirvintuvvg.lt Laikra\u0161tis: \u201e\u0160irvint\u0173 kra\u0161tas\u201c: www.sirvinta.net \u0160irvint\u0173 kult\u016bros centro svetain\u0117: www.sirvintukc.lt \u0160irvint\u0173 vie\u0161osios bibliotekos svetain\u0117: www.sirvintuvb.lt<\/p>\n","protected":false},"author":2,"featured_media":0,"parent":0,"menu_order":37,"comment_status":"closed","ping_status":"closed","template":"","meta":[],"_links":{"self":[{"href":"http:\/\/druzai.lt\/index.php?rest_route=\/wp\/v2\/pages\/189"}],"collection":[{"href":"http:\/\/druzai.lt\/index.php?rest_route=\/wp\/v2\/pages"}],"about":[{"href":"http:\/\/druzai.lt\/index.php?rest_route=\/wp\/v2\/types\/page"}],"author":[{"embeddable":true,"href":"http:\/\/druzai.lt\/index.php?rest_route=\/wp\/v2\/users\/2"}],"replies":[{"embeddable":true,"href":"http:\/\/druzai.lt\/index.php?rest_route=%2Fwp%2Fv2%2Fcomments&post=189"}],"version-history":[{"count":7,"href":"http:\/\/druzai.lt\/index.php?rest_route=\/wp\/v2\/pages\/189\/revisions"}],"predecessor-version":[{"id":11306,"href":"http:\/\/druzai.lt\/index.php?rest_route=\/wp\/v2\/pages\/189\/revisions\/11306"}],"wp:attachment":[{"href":"http:\/\/druzai.lt\/index.php?rest_route=%2Fwp%2Fv2%2Fmedia&parent=189"}],"curies":[{"name":"wp","href":"https:\/\/api.w.org\/{rel}","templated":true}]}}