{"id":186,"date":"2016-12-01T12:36:08","date_gmt":"2016-12-01T12:36:08","guid":{"rendered":"http:\/\/druzai.sustok.lt\/?page_id=186"},"modified":"2016-12-11T17:32:29","modified_gmt":"2016-12-11T17:32:29","slug":"videogalerija","status":"publish","type":"page","link":"http:\/\/druzai.lt\/?page_id=186","title":{"rendered":"Videogalerija"},"content":{"rendered":"<p>K\u0117daini\u0173 rajone Pel\u0117dnagiuose<\/p>\n<p style=\"text-align:center;display:block;overflow:hidden;clear:left\">\n        <a href=\"http:\/\/www.youtube.com\/watch?v=8-PsNBgF1bU\" target=\"_blank\" alt=\"8-PsNBgF1bU\" class=\"youtube\">\n        <img src=\"http:\/\/img.youtube.com\/vi\/8-PsNBgF1bU\/0.jpg\" width=\"90%\" height=\"\" \/>\n        <\/a><\/p><script>loadYouTube();<\/script>\n<p>&nbsp;<\/p>\n<p>Trys Karaliai 2015 Dru\u017euose<\/p>\n<p style=\"text-align:center;display:block;overflow:hidden;clear:left\">\n        <a href=\"http:\/\/www.youtube.com\/watch?v=PMrOqEfP4ds\" target=\"_blank\" alt=\"PMrOqEfP4ds\" class=\"youtube\">\n        <img src=\"http:\/\/img.youtube.com\/vi\/PMrOqEfP4ds\/0.jpg\" width=\"90%\" height=\"\" \/>\n        <\/a><\/p><script>loadYouTube();<\/script>\n<p style=\"text-align:center;display:block;overflow:hidden;clear:left\">\n        <a href=\"http:\/\/www.youtube.com\/watch?v=fBbtlJ48YPE\" target=\"_blank\" alt=\"fBbtlJ48YPE\" class=\"youtube\">\n        <img src=\"http:\/\/img.youtube.com\/vi\/fBbtlJ48YPE\/0.jpg\" width=\"90%\" height=\"\" \/>\n        <\/a><\/p><script>loadYouTube();<\/script>\n<p>Dru\u017e\u0173 bendruomen\u0117s Vasaros palyd\u0173 diskoteka<\/p>\n<p style=\"text-align:center;display:block;overflow:hidden;clear:left\">\n        <a href=\"http:\/\/www.youtube.com\/watch?v=Iol-s-VzVbw\" target=\"_blank\" alt=\"Iol-s-VzVbw\" class=\"youtube\">\n        <img src=\"http:\/\/img.youtube.com\/vi\/Iol-s-VzVbw\/0.jpg\" width=\"90%\" height=\"\" \/>\n        <\/a><\/p><script>loadYouTube();<\/script>\n<p>Dru\u017e\u0173 bendruomen\u0117s tinklinio var\u017eybos 2013.08.31<\/p>\n<p style=\"text-align:center;display:block;overflow:hidden;clear:left\">\n        <a href=\"http:\/\/www.youtube.com\/watch?v=GXXFiveG6EI\" target=\"_blank\" alt=\"GXXFiveG6EI\" class=\"youtube\">\n        <img src=\"http:\/\/img.youtube.com\/vi\/GXXFiveG6EI\/0.jpg\" width=\"90%\" height=\"\" \/>\n        <\/a><\/p><script>loadYouTube();<\/script>\n<p>Dru\u017e\u0173 bendruomen\u0117s Krep\u0161inio var\u017eybos 2013.08.24. 1 dalis<\/p>\n<p style=\"text-align:center;display:block;overflow:hidden;clear:left\">\n        <a href=\"http:\/\/www.youtube.com\/watch?v=VGIonJHIJno\" target=\"_blank\" alt=\"VGIonJHIJno\" class=\"youtube\">\n        <img src=\"http:\/\/img.youtube.com\/vi\/VGIonJHIJno\/0.jpg\" width=\"90%\" height=\"\" \/>\n        <\/a><\/p><script>loadYouTube();<\/script>\n<p>Dru\u017e\u0173 bendruomen\u0117s Krep\u0161inio var\u017eybos 2013.08.24. 2 dalis<\/p>\n<p style=\"text-align:center;display:block;overflow:hidden;clear:left\">\n        <a href=\"http:\/\/www.youtube.com\/watch?v=ljfaxcE9OE4\" target=\"_blank\" alt=\"ljfaxcE9OE4\" class=\"youtube\">\n        <img src=\"http:\/\/img.youtube.com\/vi\/ljfaxcE9OE4\/0.jpg\" width=\"90%\" height=\"\" \/>\n        <\/a><\/p><script>loadYouTube();<\/script>\n<p>Dru\u017e\u0173 vaik\u0173 ir paaugli\u0173 dienos stovyklos u\u017edarymas 2013.08.11<\/p>\n<p style=\"text-align:center;display:block;overflow:hidden;clear:left\">\n        <a href=\"http:\/\/www.youtube.com\/watch?v=FB1G0N8tZ1Y\" target=\"_blank\" alt=\"FB1G0N8tZ1Y\" class=\"youtube\">\n        <img src=\"http:\/\/img.youtube.com\/vi\/FB1G0N8tZ1Y\/0.jpg\" width=\"90%\" height=\"\" \/>\n        <\/a><\/p><script>loadYouTube();<\/script>\n<p>Dru\u017eai i\u0161 aviamodelio skryd\u017eio 2 2013.08.01<\/p>\n<p style=\"text-align:center;display:block;overflow:hidden;clear:left\">\n        <a href=\"http:\/\/www.youtube.com\/watch?v=FEInJYQ_dTs\" target=\"_blank\" alt=\"FEInJYQ_dTs\" class=\"youtube\">\n        <img src=\"http:\/\/img.youtube.com\/vi\/FEInJYQ_dTs\/0.jpg\" width=\"90%\" height=\"\" \/>\n        <\/a><\/p><script>loadYouTube();<\/script>\n<p>Dru\u017eai i\u0161 aviamodelio skryd\u017eio 1 2013.08.01<\/p>\n<p style=\"text-align:center;display:block;overflow:hidden;clear:left\">\n        <a href=\"http:\/\/www.youtube.com\/watch?v=n-X-5TwFRbo\" target=\"_blank\" alt=\"n-X-5TwFRbo\" class=\"youtube\">\n        <img src=\"http:\/\/img.youtube.com\/vi\/n-X-5TwFRbo\/0.jpg\" width=\"90%\" height=\"\" \/>\n        <\/a><\/p><script>loadYouTube();<\/script>\n<p>Sve\u010diuose Raseini\u0173 rajono \u201eGyn\u0117v\u0117s\u201c bendruomen\u0117 2013.07.25.<\/p>\n<p style=\"text-align:center;display:block;overflow:hidden;clear:left\">\n        <a href=\"http:\/\/www.youtube.com\/watch?v=R9A39aCSn8M\" target=\"_blank\" alt=\"R9A39aCSn8M\" class=\"youtube\">\n        <img src=\"http:\/\/img.youtube.com\/vi\/R9A39aCSn8M\/0.jpg\" width=\"90%\" height=\"\" \/>\n        <\/a><\/p><script>loadYouTube();<\/script>\n<p>Var\u017eybos Sli\u017eiuose 2013.07.27.<\/p>\n<p style=\"text-align:center;display:block;overflow:hidden;clear:left\">\n        <a href=\"http:\/\/www.youtube.com\/watch?v=rj1J0h3GsLw\" target=\"_blank\" alt=\"rj1J0h3GsLw\" class=\"youtube\">\n        <img src=\"http:\/\/img.youtube.com\/vi\/rj1J0h3GsLw\/0.jpg\" width=\"90%\" height=\"\" \/>\n        <\/a><\/p><script>loadYouTube();<\/script>\n<p>Trys karaliai Dru\u017euose<\/p>\n<p style=\"text-align:center;display:block;overflow:hidden;clear:left\">\n        <a href=\"http:\/\/www.youtube.com\/watch?v=rrcF2w1sRLM\" target=\"_blank\" alt=\"rrcF2w1sRLM\" class=\"youtube\">\n        <img src=\"http:\/\/img.youtube.com\/vi\/rrcF2w1sRLM\/0.jpg\" width=\"90%\" height=\"\" \/>\n        <\/a><\/p><script>loadYouTube();<\/script>\n<p>Virtualus turas po Dru\u017e\u0173 kaim\u0105<\/p>\n<p style=\"text-align:center;display:block;overflow:hidden;clear:left\">\n        <a href=\"http:\/\/www.youtube.com\/watch?v=W8wKRlFgelA\" target=\"_blank\" alt=\"W8wKRlFgelA\" class=\"youtube\">\n        <img src=\"http:\/\/img.youtube.com\/vi\/W8wKRlFgelA\/0.jpg\" width=\"90%\" height=\"\" \/>\n        <\/a><\/p><script>loadYouTube();<\/script>\n<p>&nbsp;<\/p>\n<p>&nbsp;<\/p>\n","protected":false},"excerpt":{"rendered":"<p>K\u0117daini\u0173 rajone Pel\u0117dnagiuose &nbsp; Trys Karaliai 2015 Dru\u017euose Dru\u017e\u0173 bendruomen\u0117s Vasaros palyd\u0173 diskoteka Dru\u017e\u0173 bendruomen\u0117s tinklinio var\u017eybos 2013.08.31 Dru\u017e\u0173 bendruomen\u0117s Krep\u0161inio var\u017eybos 2013.08.24. 1 dalis Dru\u017e\u0173 bendruomen\u0117s Krep\u0161inio var\u017eybos 2013.08.24. 2 dalis Dru\u017e\u0173 vaik\u0173 ir paaugli\u0173 dienos stovyklos u\u017edarymas 2013.08.11 Dru\u017eai i\u0161 aviamodelio skryd\u017eio 2 2013.08.01 Dru\u017eai i\u0161 aviamodelio skryd\u017eio 1 2013.08.01 Sve\u010diuose Raseini\u0173 rajono [&hellip;]<\/p>\n","protected":false},"author":2,"featured_media":0,"parent":0,"menu_order":36,"comment_status":"closed","ping_status":"closed","template":"","meta":[],"_links":{"self":[{"href":"http:\/\/druzai.lt\/index.php?rest_route=\/wp\/v2\/pages\/186"}],"collection":[{"href":"http:\/\/druzai.lt\/index.php?rest_route=\/wp\/v2\/pages"}],"about":[{"href":"http:\/\/druzai.lt\/index.php?rest_route=\/wp\/v2\/types\/page"}],"author":[{"embeddable":true,"href":"http:\/\/druzai.lt\/index.php?rest_route=\/wp\/v2\/users\/2"}],"replies":[{"embeddable":true,"href":"http:\/\/druzai.lt\/index.php?rest_route=%2Fwp%2Fv2%2Fcomments&post=186"}],"version-history":[{"count":47,"href":"http:\/\/druzai.lt\/index.php?rest_route=\/wp\/v2\/pages\/186\/revisions"}],"predecessor-version":[{"id":1591,"href":"http:\/\/druzai.lt\/index.php?rest_route=\/wp\/v2\/pages\/186\/revisions\/1591"}],"wp:attachment":[{"href":"http:\/\/druzai.lt\/index.php?rest_route=%2Fwp%2Fv2%2Fmedia&parent=186"}],"curies":[{"name":"wp","href":"https:\/\/api.w.org\/{rel}","templated":true}]}}