{"id":180,"date":"2013-07-29T12:34:35","date_gmt":"2013-07-29T12:34:35","guid":{"rendered":"http:\/\/druzai.sustok.lt\/?page_id=180"},"modified":"2020-11-01T19:13:45","modified_gmt":"2020-11-01T19:13:45","slug":"dekojame","status":"publish","type":"page","link":"http:\/\/druzai.lt\/?page_id=180","title":{"rendered":"D\u0117kojame"},"content":{"rendered":"<p>&nbsp;<\/p>\n<p><strong><span style=\"text-decoration: underline;\"><span style=\"color: #ff0000; text-decoration: underline;\">Pad\u0117ka \u0160irvint\u0173\u00a0 bendruomenei \u201eUp\u0117\u201c<\/span><\/span><\/strong><\/p>\n<p>Geriausias b\u016bdas i\u0161laikyti draugyst\u0119 \u2013 dalytis mintimis apie savo darbus. \u017dmones labiausiai suartina veikla.<\/p>\n<p align=\"center\">J.V.Get\u0117<\/p>\n<p align=\"center\">2020-\u0173j\u0173 met\u0173 spalio 17 diena \u012f\u0117jo \u012f m\u016bs\u0173 gyvenimus, kaip nuostabi \u0161vent\u0117, praleista drauge su bendramin\u010diais. D\u0117kojame\u00a0 Jums pasidalinim\u0105 patirtimi.\u00a0 Tegu Dievo palaima lydi J\u016bs\u0173 gyvenimus ir namus, tegu Jums sekasi viskas, prie ko prisilie\u010diate rankomis ir \u0161irdimi.<\/p>\n<p align=\"center\">Dru\u017e\u0173 kaimo bendruomen\u0117s vardu:<\/p>\n<p align=\"right\">Su pagarba: \u0160irvint\u0173 rajono Dru\u017e\u0173 kaimo bendruomen\u0117s pirminink\u0117 Dalia Taparauskien\u0117<\/p>\n<p>&nbsp;<\/p>\n<p><strong><span style=\"text-decoration: underline;\"><span style=\"color: #ff0000; text-decoration: underline;\">Pad\u0117ka Dru\u017e\u0173 bendruomen\u0117s nariams<\/span><\/span><\/strong><\/p>\n<p>Dru\u017e\u0173 kaimo bendruomen\u0117 d\u0117koja Reginai Smailienei, J\u016bratei Paci\u016bnienei,\u00a0 Ritai Cic\u0117nienei, Genai Malkauskui, Janinai Jankauskienei u\u017e\u00a0 pastangas, kad sve\u010diai pasijust\u0173 savi ir laukiami nedmdruomen\u0117s \u0161vent\u0117je.<\/p>\n<p>2020-10-18<\/p>\n","protected":false},"excerpt":{"rendered":"<p>&nbsp; Pad\u0117ka \u0160irvint\u0173\u00a0 bendruomenei \u201eUp\u0117\u201c Geriausias b\u016bdas i\u0161laikyti draugyst\u0119 \u2013 dalytis mintimis apie savo darbus. \u017dmones labiausiai suartina veikla. J.V.Get\u0117 2020-\u0173j\u0173 met\u0173 spalio 17 diena \u012f\u0117jo \u012f m\u016bs\u0173 gyvenimus, kaip nuostabi \u0161vent\u0117, praleista drauge su bendramin\u010diais. D\u0117kojame\u00a0 Jums pasidalinim\u0105 patirtimi.\u00a0 Tegu Dievo palaima lydi J\u016bs\u0173 gyvenimus ir namus, tegu Jums sekasi viskas, prie ko prisilie\u010diate [&hellip;]<\/p>\n","protected":false},"author":2,"featured_media":0,"parent":0,"menu_order":34,"comment_status":"closed","ping_status":"closed","template":"","meta":[],"_links":{"self":[{"href":"http:\/\/druzai.lt\/index.php?rest_route=\/wp\/v2\/pages\/180"}],"collection":[{"href":"http:\/\/druzai.lt\/index.php?rest_route=\/wp\/v2\/pages"}],"about":[{"href":"http:\/\/druzai.lt\/index.php?rest_route=\/wp\/v2\/types\/page"}],"author":[{"embeddable":true,"href":"http:\/\/druzai.lt\/index.php?rest_route=\/wp\/v2\/users\/2"}],"replies":[{"embeddable":true,"href":"http:\/\/druzai.lt\/index.php?rest_route=%2Fwp%2Fv2%2Fcomments&post=180"}],"version-history":[{"count":79,"href":"http:\/\/druzai.lt\/index.php?rest_route=\/wp\/v2\/pages\/180\/revisions"}],"predecessor-version":[{"id":6988,"href":"http:\/\/druzai.lt\/index.php?rest_route=\/wp\/v2\/pages\/180\/revisions\/6988"}],"wp:attachment":[{"href":"http:\/\/druzai.lt\/index.php?rest_route=%2Fwp%2Fv2%2Fmedia&parent=180"}],"curies":[{"name":"wp","href":"https:\/\/api.w.org\/{rel}","templated":true}]}}