{"id":174,"date":"2013-07-11T12:33:10","date_gmt":"2013-07-11T12:33:10","guid":{"rendered":"http:\/\/druzai.sustok.lt\/?page_id=174"},"modified":"2013-07-24T07:56:34","modified_gmt":"2013-07-24T07:56:34","slug":"kvieciame","status":"publish","type":"page","link":"http:\/\/druzai.lt\/?page_id=174","title":{"rendered":"Kvie\u010diame"},"content":{"rendered":"<h2 align=\"center\"><span style=\"color: #339966;\">Liepos 26 dien\u0105 Dru\u017e\u0173 kaimo bendruomen\u0117 organizuoja kelion\u0119 \u012f Marijampol\u0117s rajon\u0105.<\/span><\/h2>\n<p align=\"center\">Pakeliui lankysim\u0117s Kauno Zoologijos sode. Aplankysime Sasnavos ba\u017eny\u010di\u0105, Giri\u0173 muziej\u0173, lankysim\u0117s Tautkai\u010di\u0173. Bagotosios, Sasnavos bendruomen\u0117se.<\/p>\n<p align=\"center\">I\u0161vykstame 8 val., nuo bendruomen\u0117s nam\u0173.<\/p>\n<p align=\"center\">Kelion\u0117 nemokama.<\/p>\n<p align=\"center\">Pra\u0161ome registruotis iki liepos 24 dienos, telefonu Nr. 8 600 18470.<\/p>\n<p align=\"center\">Maloniai kvie\u010diame dalyvauti.<\/p>\n<p align=\"center\">\n<p align=\"center\">\n<h2 align=\"center\"><span style=\"color: #339966;\">Kvie\u010diame \u012f Sli\u017ei\u0173 bendruomen\u0117s<\/span><\/h2>\n<h2 align=\"center\"><span style=\"color: #339966;\">\u0161vent\u0119<\/span><\/h2>\n<p align=\"center\"><b>PROGRAMA<\/b><\/p>\n<p align=\"center\">6<b>.00 &#8211;\u00a0 9.00 &#8211; \u017evej\u0173 m\u0117g\u0117j\u0173 var\u017eybos Gav\u0117noni\u0173 tvenkinyje.<\/b><\/p>\n<p align=\"center\"><b>10.00 &#8211; 12.00\u00a0 &#8211; krep\u0161inio var\u017eybos.<\/b><\/p>\n<p align=\"center\"><b>12.00 -14.30 &#8211; atrakcijos vaikams ir suaugusiems. Lankymasis ikimokykliniame skyriuje, buvusioje mokykloje, kult\u016bros namuose, meninink\u0173 Lukensk\u0173 ir Kulikausk\u0173 sodybose, Sli\u017ei\u0173 dvare. (Dvaro \u0161eimininkai lauks nuo 13.00 iki 14.00 val.)<\/b><\/p>\n<p align=\"center\"><b>13.00 \u2013 15.00 \u2013 registracija.<\/b><\/p>\n<p align=\"center\"><b>15.00\u00a0 &#8211;\u00a0 \u0160v. Mi\u0161ios Sli\u017ei\u0173 koply\u010dioje.<\/b><\/p>\n<p align=\"center\"><b>15.45 \u2013 \u017euvusi\u0173j\u0173 kovotoj\u0173 u\u017e duon\u0105 pagerbimas prie paminklinio akmens.<\/b><\/p>\n<p align=\"center\"><b>16.00 \u2013 kra\u0161tie\u010di\u0173 su\u0117jimas ir bendruomen\u0117s veiklos 10 \u2013 me\u010dio pamin\u0117jimas.<\/b><\/p>\n<p align=\"center\"><b>19.30 &#8211; aukcionas<\/b><\/p>\n<p align=\"center\"><b>20.00 \u2013 kapelos ,,Sutaras\u201d i\u0161 Vilniaus koncertas.<\/b><\/p>\n<p align=\"center\"><b>22.00 \u2013 diskoteka.<\/b><\/p>\n<p>&nbsp;<\/p>\n<p align=\"center\">\u00a0\u00a0\u00a0\u00a0\u00a0\u00a0\u00a0\u00a0\u00a0\u00a0\u00a0\u00a0\u00a0\u00a0 P. S. Esant nepalankiam orui \u0161vent\u0117 vyks kult\u016bros namuose. Tel. pasiteirauti 8 616 13 602<\/p>\n<p align=\"center\">\u00a0\u00a0\u00a0\u00a0\u00a0\u00a0\u00a0\u00a0\u00a0\u00a0\u00a0\u00a0\u00a0\u00a0\u00a0\u00a0\u00a0\u00a0\u00a0\u00a0\u00a0\u00a0\u00a0\u00a0\u00a0\u00a0\u00a0\u00a0\u00a0\u00a0\u00a0\u00a0\u00a0\u00a0\u00a0\u00a0\u00a0\u00a0\u00a0\u00a0\u00a0\u00a0\u00a0\u00a0\u00a0\u00a0\u00a0\u00a0\u00a0\u00a0\u00a0\u00a0\u00a0\u00a0\u00a0\u00a0\u00a0\u00a0\u00a0\u00a0\u00a0\u00a0\u00a0\u00a0\u00a0\u00a0\u00a0\u00a0\u00a0\u00a0\u00a0\u00a0\u00a0\u00a0\u00a0\u00a0\u00a0\u00a0\u00a0\u00a0\u00a0\u00a0\u00a0\u00a0\u00a0\u00a0\u00a0\u00a0\u00a0\u00a0\u00a0\u00a0\u00a0\u00a0\u00a0\u00a0\u00a0\u00a0\u00a0\u00a0\u00a0\u00a0\u00a0\u00a0\u00a0 Reng\u0117jai<\/p>\n<p align=\"center\">Program\u0105 rasite \u010dia:<\/p>\n<p align=\"center\"><a href=\"http:\/\/druzai.lt\/wp-content\/uploads\/2013\/07\/Kvietimassliziai.doc\">Kvietimassliziai<\/a><\/p>\n","protected":false},"excerpt":{"rendered":"<p>Liepos 26 dien\u0105 Dru\u017e\u0173 kaimo bendruomen\u0117 organizuoja kelion\u0119 \u012f Marijampol\u0117s rajon\u0105. Pakeliui lankysim\u0117s Kauno Zoologijos sode. Aplankysime Sasnavos ba\u017eny\u010di\u0105, Giri\u0173 muziej\u0173, lankysim\u0117s Tautkai\u010di\u0173. Bagotosios, Sasnavos bendruomen\u0117se. I\u0161vykstame 8 val., nuo bendruomen\u0117s nam\u0173. Kelion\u0117 nemokama. Pra\u0161ome registruotis iki liepos 24 dienos, telefonu Nr. 8 600 18470. Maloniai kvie\u010diame dalyvauti. Kvie\u010diame \u012f Sli\u017ei\u0173 bendruomen\u0117s \u0161vent\u0119 PROGRAMA 6.00 [&hellip;]<\/p>\n","protected":false},"author":2,"featured_media":0,"parent":0,"menu_order":32,"comment_status":"closed","ping_status":"closed","template":"","meta":[],"_links":{"self":[{"href":"http:\/\/druzai.lt\/index.php?rest_route=\/wp\/v2\/pages\/174"}],"collection":[{"href":"http:\/\/druzai.lt\/index.php?rest_route=\/wp\/v2\/pages"}],"about":[{"href":"http:\/\/druzai.lt\/index.php?rest_route=\/wp\/v2\/types\/page"}],"author":[{"embeddable":true,"href":"http:\/\/druzai.lt\/index.php?rest_route=\/wp\/v2\/users\/2"}],"replies":[{"embeddable":true,"href":"http:\/\/druzai.lt\/index.php?rest_route=%2Fwp%2Fv2%2Fcomments&post=174"}],"version-history":[{"count":6,"href":"http:\/\/druzai.lt\/index.php?rest_route=\/wp\/v2\/pages\/174\/revisions"}],"predecessor-version":[{"id":1632,"href":"http:\/\/druzai.lt\/index.php?rest_route=\/wp\/v2\/pages\/174\/revisions\/1632"}],"wp:attachment":[{"href":"http:\/\/druzai.lt\/index.php?rest_route=%2Fwp%2Fv2%2Fmedia&parent=174"}],"curies":[{"name":"wp","href":"https:\/\/api.w.org\/{rel}","templated":true}]}}