{"id":172,"date":"2013-07-11T12:30:25","date_gmt":"2013-07-11T12:30:25","guid":{"rendered":"http:\/\/druzai.sustok.lt\/?page_id=172"},"modified":"2024-01-14T20:50:38","modified_gmt":"2024-01-14T20:50:38","slug":"kaimo-turizmas","status":"publish","type":"page","link":"http:\/\/druzai.lt\/?page_id=172","title":{"rendered":"Kaimo turizmas"},"content":{"rendered":"<h2>Baidari\u0173 nuoma, poilsaviet\u0117s paslaugos: <a href=\"http:\/\/www.ernestobaidares.lt\/\">www.ernestobaidares.lt<\/a><\/h2>\n<h2>Edukacija, baidar\u0117s, poilsiaviet\u0117s paslaugos: <a href=\"http:\/\/www.vikingukaimas.lt\">www.vikingukaimas.lt<\/a><\/h2>\n<h2>Kaimo turizmo sodybos nuoma: prabangi pob\u016bvi\u0173 sal\u0117, atskiri miegamieji kambariai, pirtis su prie\u0161pir\u010diu. Rami vieta J\u016bs\u0173 poilsiui ir \u0161ventei:<\/h2>\n<h2><a href=\"https:\/\/www.facebook.com\/kaimoturizmosodyba.levainiudvarkiemis\">https:\/\/www.facebook.com\/kaimoturizmosodyba.levainiudvarkiemis<\/a><\/h2>\n","protected":false},"excerpt":{"rendered":"<p>Baidari\u0173 nuoma, poilsaviet\u0117s paslaugos: www.ernestobaidares.lt Edukacija, baidar\u0117s, poilsiaviet\u0117s paslaugos: www.vikingukaimas.lt Kaimo turizmo sodybos nuoma: prabangi pob\u016bvi\u0173 sal\u0117, atskiri miegamieji kambariai, pirtis su prie\u0161pir\u010diu. Rami vieta J\u016bs\u0173 poilsiui ir \u0161ventei: https:\/\/www.facebook.com\/kaimoturizmosodyba.levainiudvarkiemis<\/p>\n","protected":false},"author":2,"featured_media":0,"parent":161,"menu_order":31,"comment_status":"closed","ping_status":"closed","template":"","meta":[],"_links":{"self":[{"href":"http:\/\/druzai.lt\/index.php?rest_route=\/wp\/v2\/pages\/172"}],"collection":[{"href":"http:\/\/druzai.lt\/index.php?rest_route=\/wp\/v2\/pages"}],"about":[{"href":"http:\/\/druzai.lt\/index.php?rest_route=\/wp\/v2\/types\/page"}],"author":[{"embeddable":true,"href":"http:\/\/druzai.lt\/index.php?rest_route=\/wp\/v2\/users\/2"}],"replies":[{"embeddable":true,"href":"http:\/\/druzai.lt\/index.php?rest_route=%2Fwp%2Fv2%2Fcomments&post=172"}],"version-history":[{"count":5,"href":"http:\/\/druzai.lt\/index.php?rest_route=\/wp\/v2\/pages\/172\/revisions"}],"predecessor-version":[{"id":11307,"href":"http:\/\/druzai.lt\/index.php?rest_route=\/wp\/v2\/pages\/172\/revisions\/11307"}],"up":[{"embeddable":true,"href":"http:\/\/druzai.lt\/index.php?rest_route=\/wp\/v2\/pages\/161"}],"wp:attachment":[{"href":"http:\/\/druzai.lt\/index.php?rest_route=%2Fwp%2Fv2%2Fmedia&parent=172"}],"curies":[{"name":"wp","href":"https:\/\/api.w.org\/{rel}","templated":true}]}}