{"id":167,"date":"2013-07-11T12:29:05","date_gmt":"2013-07-11T12:29:05","guid":{"rendered":"http:\/\/druzai.sustok.lt\/?page_id=167"},"modified":"2020-11-01T19:00:18","modified_gmt":"2020-11-01T19:00:18","slug":"uogininkyste","status":"publish","type":"page","link":"http:\/\/druzai.lt\/?page_id=167","title":{"rendered":"Uogininkyst\u0117"},"content":{"rendered":"<p>Uog\u0173 galite \u012fsigyti Muleronk\u0173 \u016bkyje.<\/p>\n<p>pla\u010diau:\u00a0<a href=\"https:\/\/www.facebook.com\/sesiuuogos\">https:\/\/www.facebook.com\/sesiuuogos<\/a><\/p>\n","protected":false},"excerpt":{"rendered":"<p>Uog\u0173 galite \u012fsigyti Muleronk\u0173 \u016bkyje. pla\u010diau:\u00a0https:\/\/www.facebook.com\/sesiuuogos<\/p>\n","protected":false},"author":2,"featured_media":0,"parent":161,"menu_order":29,"comment_status":"closed","ping_status":"closed","template":"","meta":[],"_links":{"self":[{"href":"http:\/\/druzai.lt\/index.php?rest_route=\/wp\/v2\/pages\/167"}],"collection":[{"href":"http:\/\/druzai.lt\/index.php?rest_route=\/wp\/v2\/pages"}],"about":[{"href":"http:\/\/druzai.lt\/index.php?rest_route=\/wp\/v2\/types\/page"}],"author":[{"embeddable":true,"href":"http:\/\/druzai.lt\/index.php?rest_route=\/wp\/v2\/users\/2"}],"replies":[{"embeddable":true,"href":"http:\/\/druzai.lt\/index.php?rest_route=%2Fwp%2Fv2%2Fcomments&post=167"}],"version-history":[{"count":5,"href":"http:\/\/druzai.lt\/index.php?rest_route=\/wp\/v2\/pages\/167\/revisions"}],"predecessor-version":[{"id":1630,"href":"http:\/\/druzai.lt\/index.php?rest_route=\/wp\/v2\/pages\/167\/revisions\/1630"}],"up":[{"embeddable":true,"href":"http:\/\/druzai.lt\/index.php?rest_route=\/wp\/v2\/pages\/161"}],"wp:attachment":[{"href":"http:\/\/druzai.lt\/index.php?rest_route=%2Fwp%2Fv2%2Fmedia&parent=167"}],"curies":[{"name":"wp","href":"https:\/\/api.w.org\/{rel}","templated":true}]}}