{"id":165,"date":"2013-07-11T12:28:39","date_gmt":"2013-07-11T12:28:39","guid":{"rendered":"http:\/\/druzai.sustok.lt\/?page_id=165"},"modified":"2020-11-01T18:58:02","modified_gmt":"2020-11-01T18:58:02","slug":"sodininkyste","status":"publish","type":"page","link":"http:\/\/druzai.lt\/?page_id=165","title":{"rendered":"Sodininkyst\u0117"},"content":{"rendered":"<p>Dru\u017e\u0173 kaime yra Mykolo Bild\u017eiuko sodai. \u012esigyti obuoli\u0173, kriau\u0161i\u0173 galite ir \u0160irvint\u0173 turguje esan\u010diame kioske.<\/p>\n","protected":false},"excerpt":{"rendered":"<p>Dru\u017e\u0173 kaime yra Mykolo Bild\u017eiuko sodai. \u012esigyti obuoli\u0173, kriau\u0161i\u0173 galite ir \u0160irvint\u0173 turguje esan\u010diame kioske.<\/p>\n","protected":false},"author":2,"featured_media":0,"parent":161,"menu_order":28,"comment_status":"closed","ping_status":"closed","template":"","meta":[],"_links":{"self":[{"href":"http:\/\/druzai.lt\/index.php?rest_route=\/wp\/v2\/pages\/165"}],"collection":[{"href":"http:\/\/druzai.lt\/index.php?rest_route=\/wp\/v2\/pages"}],"about":[{"href":"http:\/\/druzai.lt\/index.php?rest_route=\/wp\/v2\/types\/page"}],"author":[{"embeddable":true,"href":"http:\/\/druzai.lt\/index.php?rest_route=\/wp\/v2\/users\/2"}],"replies":[{"embeddable":true,"href":"http:\/\/druzai.lt\/index.php?rest_route=%2Fwp%2Fv2%2Fcomments&post=165"}],"version-history":[{"count":4,"href":"http:\/\/druzai.lt\/index.php?rest_route=\/wp\/v2\/pages\/165\/revisions"}],"predecessor-version":[{"id":1628,"href":"http:\/\/druzai.lt\/index.php?rest_route=\/wp\/v2\/pages\/165\/revisions\/1628"}],"up":[{"embeddable":true,"href":"http:\/\/druzai.lt\/index.php?rest_route=\/wp\/v2\/pages\/161"}],"wp:attachment":[{"href":"http:\/\/druzai.lt\/index.php?rest_route=%2Fwp%2Fv2%2Fmedia&parent=165"}],"curies":[{"name":"wp","href":"https:\/\/api.w.org\/{rel}","templated":true}]}}