{"id":164,"date":"2013-07-11T12:28:02","date_gmt":"2013-07-11T12:28:02","guid":{"rendered":"http:\/\/druzai.sustok.lt\/?page_id=164"},"modified":"2020-11-01T18:56:34","modified_gmt":"2020-11-01T18:56:34","slug":"staliaus-darbai","status":"publish","type":"page","link":"http:\/\/druzai.lt\/?page_id=164","title":{"rendered":"Staliaus darbai"},"content":{"rendered":"<p>Dru\u017e\u0173 kaime gaminami mediniai gaminiai. Tai durys, langai ir kiti gaminiai. Juos galima u\u017esisakyti pas Sauli\u0173 Grin\u012f.<\/p>\n","protected":false},"excerpt":{"rendered":"<p>Dru\u017e\u0173 kaime gaminami mediniai gaminiai. Tai durys, langai ir kiti gaminiai. Juos galima u\u017esisakyti pas Sauli\u0173 Grin\u012f.<\/p>\n","protected":false},"author":2,"featured_media":0,"parent":161,"menu_order":27,"comment_status":"closed","ping_status":"closed","template":"","meta":[],"_links":{"self":[{"href":"http:\/\/druzai.lt\/index.php?rest_route=\/wp\/v2\/pages\/164"}],"collection":[{"href":"http:\/\/druzai.lt\/index.php?rest_route=\/wp\/v2\/pages"}],"about":[{"href":"http:\/\/druzai.lt\/index.php?rest_route=\/wp\/v2\/types\/page"}],"author":[{"embeddable":true,"href":"http:\/\/druzai.lt\/index.php?rest_route=\/wp\/v2\/users\/2"}],"replies":[{"embeddable":true,"href":"http:\/\/druzai.lt\/index.php?rest_route=%2Fwp%2Fv2%2Fcomments&post=164"}],"version-history":[{"count":3,"href":"http:\/\/druzai.lt\/index.php?rest_route=\/wp\/v2\/pages\/164\/revisions"}],"predecessor-version":[{"id":1627,"href":"http:\/\/druzai.lt\/index.php?rest_route=\/wp\/v2\/pages\/164\/revisions\/1627"}],"up":[{"embeddable":true,"href":"http:\/\/druzai.lt\/index.php?rest_route=\/wp\/v2\/pages\/161"}],"wp:attachment":[{"href":"http:\/\/druzai.lt\/index.php?rest_route=%2Fwp%2Fv2%2Fmedia&parent=164"}],"curies":[{"name":"wp","href":"https:\/\/api.w.org\/{rel}","templated":true}]}}