{"id":159,"date":"2013-07-11T12:25:55","date_gmt":"2013-07-11T12:25:55","guid":{"rendered":"http:\/\/druzai.sustok.lt\/?page_id=159"},"modified":"2020-11-01T18:54:09","modified_gmt":"2020-11-01T18:54:09","slug":"159-2","status":"publish","type":"page","link":"http:\/\/druzai.lt\/?page_id=159","title":{"rendered":"Parduotuv\u0117s"},"content":{"rendered":"<p>Dru\u017e\u0173 kaime veikia viena \u0160irvint\u0173 vartotoj\u0173 kooperatyvo \u201eVeivera\u201c parduotuv\u0117.<\/p>\n<p>Parduotuv\u0117s darbo laikas:<\/p>\n<p>Pirmadien\u012f &#8211; \u0161e\u0161tadien\u012f:<\/p>\n<p>8.00 &#8211; 20.00 val.<\/p>\n<p>Sekmadien\u012f:<\/p>\n<p>8.00 &#8211; 19.00 val.<\/p>\n","protected":false},"excerpt":{"rendered":"<p>Dru\u017e\u0173 kaime veikia viena \u0160irvint\u0173 vartotoj\u0173 kooperatyvo \u201eVeivera\u201c parduotuv\u0117. Parduotuv\u0117s darbo laikas: Pirmadien\u012f &#8211; \u0161e\u0161tadien\u012f: 8.00 &#8211; 20.00 val. Sekmadien\u012f: 8.00 &#8211; 19.00 val.<\/p>\n","protected":false},"author":2,"featured_media":0,"parent":154,"menu_order":25,"comment_status":"closed","ping_status":"closed","template":"","meta":[],"_links":{"self":[{"href":"http:\/\/druzai.lt\/index.php?rest_route=\/wp\/v2\/pages\/159"}],"collection":[{"href":"http:\/\/druzai.lt\/index.php?rest_route=\/wp\/v2\/pages"}],"about":[{"href":"http:\/\/druzai.lt\/index.php?rest_route=\/wp\/v2\/types\/page"}],"author":[{"embeddable":true,"href":"http:\/\/druzai.lt\/index.php?rest_route=\/wp\/v2\/users\/2"}],"replies":[{"embeddable":true,"href":"http:\/\/druzai.lt\/index.php?rest_route=%2Fwp%2Fv2%2Fcomments&post=159"}],"version-history":[{"count":54,"href":"http:\/\/druzai.lt\/index.php?rest_route=\/wp\/v2\/pages\/159\/revisions"}],"predecessor-version":[{"id":6911,"href":"http:\/\/druzai.lt\/index.php?rest_route=\/wp\/v2\/pages\/159\/revisions\/6911"}],"up":[{"embeddable":true,"href":"http:\/\/druzai.lt\/index.php?rest_route=\/wp\/v2\/pages\/154"}],"wp:attachment":[{"href":"http:\/\/druzai.lt\/index.php?rest_route=%2Fwp%2Fv2%2Fmedia&parent=159"}],"curies":[{"name":"wp","href":"https:\/\/api.w.org\/{rel}","templated":true}]}}