{"id":158,"date":"2013-07-11T12:25:34","date_gmt":"2013-07-11T12:25:34","guid":{"rendered":"http:\/\/druzai.sustok.lt\/?page_id=158"},"modified":"2013-07-23T19:52:59","modified_gmt":"2013-07-23T19:52:59","slug":"kulturos-namai","status":"publish","type":"page","link":"http:\/\/druzai.lt\/?page_id=158","title":{"rendered":"Kult\u016bros namai"},"content":{"rendered":"<p><a href=\"http:\/\/druzai.lt\/wp-content\/uploads\/2013\/07\/kulturos-namai1.jpg\"><img loading=\"lazy\" class=\"size-full wp-image-323 alignleft\" alt=\"kulturos-namai1\" src=\"http:\/\/druzai.lt\/wp-content\/uploads\/2013\/07\/kulturos-namai1.jpg\" width=\"300\" height=\"175\" \/><\/a>Dru\u017e\u0173 laisvalaikio sal\u0117je dirba Meilut\u0117 Mork\u016bnien\u0117. \u010cia vyksta \u012fvair\u016bs renginiai. Jau de\u0161imt met\u0173 \u010dia veikia \u201eSkudurin\u0117s Onut\u0117s\u201c l\u0117li\u0173 teatras, \u012fvairi\u0173 festivali\u0173 laureatas. 5-ius metus dainuoja moterys \u2013 Dru\u017e\u0173 vokalinis ansamblis, kuriam vadovauja Audron\u0117 Burakovien\u0117. Laim\u0117ti du Kult\u016bros ministerijos skelbti konkursai.<br \/>\nDru\u017e\u0173 vokalinis ansamblis laim\u0117jo 2009m. geriausio vokalinio ansamblio nominacij\u0105 tarp kaimo ansambli\u0173.<\/p>\n<p>&nbsp;<\/p>\n<p>\u201eSkudurin\u0117s Onut\u0117s\u201c l\u0117li\u0173 teatras 2009 m. laim\u0117jo geriausio dramos kolektyvo nominacij\u0105.<\/p>\n<p>Kal\u0117dinis l\u0117li\u0173 teatro spektaklis<\/p>\n<p>2008.12.16<\/p>\n<p>Gruod\u017eio 26d. \u0160irvint\u0173 kult\u016bros centro Dru\u017e\u0173 filialas pakviet\u0117 Dru\u017e\u0173 gyventojus pasi\u017ei\u016br\u0117ti Dru\u017e\u0173 kult\u016bros nam\u0173 l\u0117li\u0173 teatro spektaklio \u201eTroliai Mumiai\u201c , j\u012f re\u017eisavo ir pastat\u0117 Meilut\u0117 Mork\u016bnien\u0117.<\/p>\n","protected":false},"excerpt":{"rendered":"<p>Dru\u017e\u0173 laisvalaikio sal\u0117je dirba Meilut\u0117 Mork\u016bnien\u0117. \u010cia vyksta \u012fvair\u016bs renginiai. Jau de\u0161imt met\u0173 \u010dia veikia \u201eSkudurin\u0117s Onut\u0117s\u201c l\u0117li\u0173 teatras, \u012fvairi\u0173 festivali\u0173 laureatas. 5-ius metus dainuoja moterys \u2013 Dru\u017e\u0173 vokalinis ansamblis, kuriam vadovauja Audron\u0117 Burakovien\u0117. Laim\u0117ti du Kult\u016bros ministerijos skelbti konkursai. Dru\u017e\u0173 vokalinis ansamblis laim\u0117jo 2009m. geriausio vokalinio ansamblio nominacij\u0105 tarp kaimo ansambli\u0173. &nbsp; \u201eSkudurin\u0117s Onut\u0117s\u201c [&hellip;]<\/p>\n","protected":false},"author":2,"featured_media":0,"parent":154,"menu_order":24,"comment_status":"closed","ping_status":"closed","template":"","meta":[],"_links":{"self":[{"href":"http:\/\/druzai.lt\/index.php?rest_route=\/wp\/v2\/pages\/158"}],"collection":[{"href":"http:\/\/druzai.lt\/index.php?rest_route=\/wp\/v2\/pages"}],"about":[{"href":"http:\/\/druzai.lt\/index.php?rest_route=\/wp\/v2\/types\/page"}],"author":[{"embeddable":true,"href":"http:\/\/druzai.lt\/index.php?rest_route=\/wp\/v2\/users\/2"}],"replies":[{"embeddable":true,"href":"http:\/\/druzai.lt\/index.php?rest_route=%2Fwp%2Fv2%2Fcomments&post=158"}],"version-history":[{"count":8,"href":"http:\/\/druzai.lt\/index.php?rest_route=\/wp\/v2\/pages\/158\/revisions"}],"predecessor-version":[{"id":1870,"href":"http:\/\/druzai.lt\/index.php?rest_route=\/wp\/v2\/pages\/158\/revisions\/1870"}],"up":[{"embeddable":true,"href":"http:\/\/druzai.lt\/index.php?rest_route=\/wp\/v2\/pages\/154"}],"wp:attachment":[{"href":"http:\/\/druzai.lt\/index.php?rest_route=%2Fwp%2Fv2%2Fmedia&parent=158"}],"curies":[{"name":"wp","href":"https:\/\/api.w.org\/{rel}","templated":true}]}}