{"id":157,"date":"2013-07-11T12:24:57","date_gmt":"2013-07-11T12:24:57","guid":{"rendered":"http:\/\/druzai.sustok.lt\/?page_id=157"},"modified":"2016-12-12T08:57:12","modified_gmt":"2016-12-12T08:57:12","slug":"biblioteka","status":"publish","type":"page","link":"http:\/\/druzai.lt\/?page_id=157","title":{"rendered":"Biblioteka"},"content":{"rendered":"<p>&nbsp;<\/p>\n<p><strong>Dalia Taparauskien\u0117<\/strong><br \/>\n<strong> Biblioteka<\/strong><\/p>\n<p><a href=\"http:\/\/druzai.lt\/wp-content\/uploads\/2013\/07\/biblioteka1.jpg\"><img loading=\"lazy\" class=\"size-full wp-image-311 alignleft\" alt=\"biblioteka1\" src=\"http:\/\/druzai.lt\/wp-content\/uploads\/2013\/07\/biblioteka1.jpg\" width=\"300\" height=\"189\" \/><\/a>Dru\u017e\u0173 biblioteka \u012fkurta 1959 metais. Iki 1987-\u0173j\u0173 met\u0173 \u010dia dirbo 21 bibliotekinink\u0117. Nuo 1987-\u0173j\u0173 met\u0173 bibliotekoje dirba Dalia Taparauskien\u0117. Nuo 2014 m. kovo 17 d. bibliotekoje dirba Regina Smailien\u0117. Nuo 2016 m. rugpj\u016b\u010dio m\u0117nesio dirba Odeta Kuro\u010dkina. Bibliotekoje vyksta \u012fvair\u016bs renginiai, organizuojamos parodos. 2005-aisiais metais Dru\u017e\u0173 bibliotekoje \u012fkurtas Vie\u0161ojo interneto prieigos ta\u0161kas \u2013 VIPT-as. Biblioteka yra laim\u0117jusi 4 projektus. \u010cia yra fonoteka, \u017eaisloteka. Biblioteka noriai lankoma skaitytoj\u0173. Biblioteka bendradarbiauja su mokykla ir laisvalaikio sale.<\/p>\n<p><a href=\"http:\/\/druzai.lt\/wp-content\/uploads\/2013\/07\/biblioteka2.jpg\"><img loading=\"lazy\" class=\"size-full wp-image-312 alignright\" alt=\"biblioteka2\" src=\"http:\/\/druzai.lt\/wp-content\/uploads\/2013\/07\/biblioteka2.jpg\" width=\"300\" height=\"214\" \/><\/a><\/p>\n<p>&nbsp;<\/p>\n<p>Vie\u0161osios interneto prieigos ta\u0161kas Dru\u017e\u0173 kaime prad\u0117jo veikti 2005 m. baland\u017eio 22 dien\u0105. Jis yra \u012fsik\u016br\u0119s Dru\u017e\u0173 bibliotekoje. Centre yra 4 kompiuteriai, skeneris, kopijavimo aparatas, kuriais gali naudotis visi kaimo \u017emon\u0117s ir sve\u010diai. Jau nuo pat atidarymo dienos centras sulaukia daug lankytoj\u0173. Per dien\u0105 jame apsilanko ma\u017edaug 20-25 \u012fvairaus am\u017eiaus \u017emon\u0117s. Nar\u0161ydami po internet\u0105 jie gali surasti \u012fvairios informacijos, skirtos tiek laisvalaikiui, tiek mokslams. Kol kas labiausiai centr\u0105 pam\u0117go moksleiviai. Vasaros metu centras sulauk\u0117 daug jaunimo, kuris sve\u010diavosi pas senelius, gimines. Centro \u012fk\u016brimas jiems buvo d\u017eiugi staigmena.<\/p>\n<p>Pamok\u0117l\u0117s Dru\u017e\u0173 Vipt &#8211; e<\/p>\n<p>Dru\u017e\u0173 Vipt &#8211; e jau keli metai vyksta kompiuterinio ra\u0161tingumo pamok\u0117l\u0117s. Mokinukai noriai jas lanko. Juos moko mokytoja Jolanta Urbanavi\u010dien\u0117. Jos vyksta kart\u0105 \u012f savait\u0119, jas lanko 2 grup\u0117s mokinki\u0173 ir ikimokyklinuk\u0173.<\/p>\n<p style=\"text-align: center;\"><a href=\"http:\/\/druzai.lt\/wp-content\/uploads\/2013\/07\/biblioteka3.jpg\"><img loading=\"lazy\" class=\" wp-image-313 aligncenter\" alt=\"biblioteka3\" src=\"http:\/\/druzai.lt\/wp-content\/uploads\/2013\/07\/biblioteka3-300x204.jpg\" width=\"400\" height=\"304\" \/><\/a><\/p>\n<p><strong>Bibliotekos istorija<\/strong><\/p>\n<p><strong>Dalia Taparauskien\u0117<\/strong><\/p>\n<p>Biblioteka \u0161iame kaime \u012fkurta jau 1949 metais. Tai buvo klubas \u2013 skaitykla, su raudonais lenininiais plakatais. Knyg\u0173 \u010dia buvo nedaug, o ir tos \u2013 id\u0117jin\u0117s. Klubas nuomuodavo patalpas, tod\u0117l kasmet \u012fsikurdavo kitam kaime ir vadinosi to kaimo vardu. Tik 1959 metais jis reorganizuotas \u012f Dru\u017e\u0173 kaimo bibliotek\u0105, kuri buvo patalpinta Dru\u017e\u0173 plytin\u0117s patalpose. V\u0117liau ji daug kart\u0173 perkelta i\u0161 vien\u0173 patalp\u0173 \u012f kitas. Patalpos buvo visokios \u2013 nuo atskiro namo iki vieno ma\u017eo kambar\u0117lio. 1978 \u2013 ais metais biblioteka \u012fkelta \u012f \u201cDvar\u010dioni\u0173 keramikos\u201d Dru\u017e\u0173 filialo patalpas, kur ir buvo iki 2000-\u0173j\u0173 met\u0173. Tais metais ji perkelta \u012f dabartines patalpas. I\u0161kilmingai buvo atvertos naujai rekonstruot\u0173 patalp\u0173 durys ir buvo \u012fkurtas kult\u016brinis kaimo centras, kur po vienu stogu mokykla, biblioteka, laisvalaikio sal\u0117.Per tuos 58 \u2013 erius metus bibliotekoje dirbo 21 bibliotekininkas. Bibliotekininkai \u010dia keit\u0117si da\u017enai, kartais per pus\u0119 met\u0173 po du, bet 1987 \u2013 ais metais \u010dia prad\u0117jo dirbti bibliotekinink\u0117 Dalia.Taparauskien\u0117 Biblioteka aptarnauja 38 kaimus, kuriuose gyvena 545 gyventojai. Patalpos jaukios, \u0161viesios ir gra\u017eios. Dideli langai, gra\u017e\u016bs baldai ir svarbiausia, daug nauj\u0173 ir gra\u017ei\u0173 knyg\u0173.\u0160i biblioteka yra laim\u0117jusi keturis projektus, kurie pagerino bibliotekos materialin\u0119 baz\u0119 ir \u012fvaizd\u012f. 2000 \u2013 aisiais metais laim\u0117tas \u201cAtviros Lietuvos fondo \u201c projektas \u201cDru\u017e\u0173 vaik\u0173 laisvalaikio centras\u201d.2002 \u2013 aisiais metais laim\u0117tas \u201c\u0160vietimo kaitos fondo\u201d projektas \u201cKnygos kaimo bendruomenei\u201d.2004 \u2013 aisiais metais laim\u0117tas VIPT \u2013o projektas, \u012fsteigtas Vie\u0161ojo interneto prieigos ta\u0161kas \u2013 \u201cLangas \u012f ateit\u012f\u201dBibliotekos fondas n\u0117ra didelis \u2013 6955 egz. spaudini\u0173, bet \u010dia rasite daug nauj\u0173 knyg\u0173, nes ra\u0161omi projektai, kuriuos laim\u0117jus, biblioteka papildoma naujais leidiniais. Daug leidini\u0173 padovanojama \u012fvairi\u0173 akcij\u0173 metu, knygas dovanoja ir kaimo gyventojai.\u010cia daug knygeli\u0173 vaikams, \u017eurnal\u0173 ir laikra\u0161\u010di\u0173, tod\u0117l kiekvienas u\u017esuk\u0119s \u012f bibliotek\u0105 ras k\u0105 paskaityti.Bibliotekoje gal\u0117site pasiklausyti muzikos \u012fra\u0161\u0173, pasak\u0117li\u0173 vaikams, nes \u010dia yra fonoteka. Joje 128 kompaktin\u0117s plok\u0161tel\u0117s ir 135 garso kaset\u0117s. \u012era\u0161ai skamba ir rengini\u0173 metu.\u010cia taip pat rasite ir \u017eaislotek\u0105. Vaikai gali rinktis 58 \u017eaidimus, tod\u0117l mielai lankosi bibliotekoje. Jie skaito knygeles, \u017eaid\u017eia su bendraam\u017eiais, bendrauja ir, svarbiausia, gali turiningai praleisti laik\u0105. 2004 \u2013 iasiais metais biblioteka laim\u0117jo konkurs\u0105 ir \u010dia \u012fsik\u016br\u0117 Vie\u0161ojo interneto prieigos ta\u0161kas \u2013 \u201cLangas \u012f ateit\u012f\u201d. Atskira patalpa, nauji baldai, keturi kompiuteriai su spausdintuvu, internetinio vaizdo kameros \u2013 visa tai, apie k\u0105 galima buvo tik svajoti 2000- aisiais metais, tapo traukos centru, ne tik vaikams ir jaunimui, bet ir suaugusiems. \u010cia galima kopijuoti dokumentus, nar\u0161yti internete, ra\u0161yti referatus. \u010cia taip pat galima deklaruoti pajamas Valstybinei Mokes\u010di\u0173 inspekcijai, si\u0173sti lai\u0161kus ir sutvarkyti daugyb\u0119 ma\u017e\u0173 reikal\u0173 neprarandant daug brangaus laiko. Kaimo gyventojai \u010dia gali susipa\u017einti su internetu, pasimokyti dirbti kompiuteriu. Kas savait\u0119 \u010dia vyksta kursai tiems, kurie nemoka naudotis kompiuiteriu ir internetu. Dru\u017e\u0173 pradin\u0117s mokyklos mokinukams vyksta kompiuterinio ra\u0161tingumo pamok\u0117l\u0117s. Jiems taip pat \u010dia pristatoma vaizdin\u0117 pamok\u0173 med\u017eiaga. \u010cia galima pateikti u\u017eklausas ir informacija bus suteikta.<br \/>\n\u0160ioje bibliotekoje vyksta daug rengini\u0173 suaugusiems ir vaikams. \u010cia stengiamasi ugdyti skaitytojo poreik\u012f knygai ir menui. 2007 \u2013 iaisiais metais \u010dia lank\u0117si ra\u0161ytojas Selemonas Paltanavi\u010dius, buvo organizuotos kra\u0161tie\u010di\u0173 k\u016brybos popiet\u0117s. Daug d\u0117mesio sulaukia renginiai vaikams, kuri\u0173 metu vyksta knyg\u0173 aptarimai, skaitymo konkursai, viktorinos ir \u017eaidimai. \u010cia kas savait\u0119 vyksta skaitymo valand\u0117l\u0117s patiems ma\u017eiesiems bibliotekos skaitytojams.<br \/>\n\u010cia pristatomos parodos, skirtos ra\u0161ytoj\u0173 jubiliejin\u0117ms datoms, \u012fvairioms etnokult\u016brin\u0117ms lietuvi\u0173 \u0161vent\u0117ms. Nuo 1999 \u2013 \u0173j\u0173 met\u0173 bibliotekoje veikia moter\u0173 klubas \u201cDru\u017einta\u201d. Moterys padeda organizuoti renginius, dalyvauja parodose. \u0160is klubas garsus tuo, kad \u010dia karpomi unikal\u016bs karpiniai \u2013 \u010dia nerasite vieno \u017emogaus karpinio. Karpinius kuria kelios moterys \u2013 vienos karpo, kitos klijuoja, tre\u010dios pie\u0161ia. Tod\u0117l naujausius darbus visada galite pamatyti Dru\u017e\u0173 bibliotekos parodose, kurios \u010dia vyksta kart\u0105 \u012f metus. Taip pat \u010dia J\u016bs pamatysite daugyb\u0119 kaimo rankdarbi\u0173 meistr\u0173 darb\u0173, tod\u0117l b\u016btinai u\u017esukite \u2013 J\u016bs b\u016bsite nustebinti kaimo auksaranki\u0173 darb\u0161tumu ir kruop\u0161tumu. \u010cia rasite ir nepaprast\u0105 knyg\u0173 heroj\u0173 parod\u0105, kuri apkeliavo daug bibliotek\u0173 ir parod\u0173, bet j\u0105 suk\u016br\u0117 darb\u0161\u010dios ir k\u016brybingos bibliotekinink\u0117s rankos. \u0160ie megzti ir nerti veik\u0117jai i\u0161 \u012fvairi\u0173 knyg\u0173, Jums papasakos daugyb\u0119 linksm\u0173 ir li\u016bdn\u0173 istorij\u0173. Kartais jos tokios li\u016bdnos, kad a\u0161, nyk\u0161tukas Tukas, vos nepravirkstu. \u0160ioje bibliotekoje daugel\u012f met\u0173 leid\u017eiamas laikra\u0161tukas \u201cDru\u017e\u0173 \u017einios\u201d. Jame skelbiamos \u012fvairios kaimo naujienos vaikams ir suaugusiems. \u010cia rasite ir leidykl\u0105 \u201cDru\u017eiukas\u201d, kuri jau i\u0161leido apie pus\u0161imt\u012f Dru\u017e\u0173 kaimo vaik\u0173 sukurt\u0173 knygeli\u0173. \u0160i biblioteka tai kaimo bendruomen\u0117s centras, kaimo veidas. \u010cia rasite vis\u0105 informacij\u0105, skirt\u0105 kaimo gyventojui. Jus nustebins \u0161ioje bibliotekoje sukauptas kra\u0161totyros fondas. \u010cia gausite vis\u0105 informacij\u0105 apie \u0161ios vietov\u0117s kaimus, \u017emones, menininkus, gamt\u0105 ir \u012fstaigas. J\u016bs rasite bibliotekos , bendruomen\u0117s metra\u0161\u010dius \u2013 su\u017einosite visk\u0105 apie vietov\u0119, kurioje gyvenate, dirbate, kuriate. \u010cia, po \u0161iuo stogu renkasi bendruomen\u0117 \u012f k\u016brybinius vakarus, \u010dia lankosi vaikai ir senoliai.Viskas \u0161ioje bibliotekoje skiriama Dru\u017e\u0173 kra\u0161to \u017emon\u0117ms, tod\u0117l biblioteka garsi ne tik savo kaime. \u010cia da\u017enai sulaukiama sve\u010di\u0173 i\u0161 kit\u0173 rajon\u0173, \u012fvairi\u0173 laikra\u0161\u010di\u0173 korespondent\u0173.<\/p>\n<p><a href=\"http:\/\/druzai.lt\/wp-content\/uploads\/2013\/07\/biblioteka4.jpg\"><img loading=\"lazy\" class=\"size-full wp-image-314 alignleft\" alt=\"biblioteka4\" src=\"http:\/\/druzai.lt\/wp-content\/uploads\/2013\/07\/biblioteka4.jpg\" width=\"300\" height=\"225\" \/><\/a>Garsinio skaitymo valand\u0117l\u0117s Dru\u017e\u0173 bibliotekoje<\/p>\n","protected":false},"excerpt":{"rendered":"<p>&nbsp; Dalia Taparauskien\u0117 Biblioteka Dru\u017e\u0173 biblioteka \u012fkurta 1959 metais. Iki 1987-\u0173j\u0173 met\u0173 \u010dia dirbo 21 bibliotekinink\u0117. Nuo 1987-\u0173j\u0173 met\u0173 bibliotekoje dirba Dalia Taparauskien\u0117. Nuo 2014 m. kovo 17 d. bibliotekoje dirba Regina Smailien\u0117. Nuo 2016 m. rugpj\u016b\u010dio m\u0117nesio dirba Odeta Kuro\u010dkina. Bibliotekoje vyksta \u012fvair\u016bs renginiai, organizuojamos parodos. 2005-aisiais metais Dru\u017e\u0173 bibliotekoje \u012fkurtas Vie\u0161ojo interneto prieigos [&hellip;]<\/p>\n","protected":false},"author":2,"featured_media":0,"parent":154,"menu_order":23,"comment_status":"closed","ping_status":"closed","template":"","meta":[],"_links":{"self":[{"href":"http:\/\/druzai.lt\/index.php?rest_route=\/wp\/v2\/pages\/157"}],"collection":[{"href":"http:\/\/druzai.lt\/index.php?rest_route=\/wp\/v2\/pages"}],"about":[{"href":"http:\/\/druzai.lt\/index.php?rest_route=\/wp\/v2\/types\/page"}],"author":[{"embeddable":true,"href":"http:\/\/druzai.lt\/index.php?rest_route=\/wp\/v2\/users\/2"}],"replies":[{"embeddable":true,"href":"http:\/\/druzai.lt\/index.php?rest_route=%2Fwp%2Fv2%2Fcomments&post=157"}],"version-history":[{"count":12,"href":"http:\/\/druzai.lt\/index.php?rest_route=\/wp\/v2\/pages\/157\/revisions"}],"predecessor-version":[{"id":310,"href":"http:\/\/druzai.lt\/index.php?rest_route=\/wp\/v2\/pages\/157\/revisions\/310"}],"up":[{"embeddable":true,"href":"http:\/\/druzai.lt\/index.php?rest_route=\/wp\/v2\/pages\/154"}],"wp:attachment":[{"href":"http:\/\/druzai.lt\/index.php?rest_route=%2Fwp%2Fv2%2Fmedia&parent=157"}],"curies":[{"name":"wp","href":"https:\/\/api.w.org\/{rel}","templated":true}]}}