{"id":151,"date":"2013-10-11T12:23:22","date_gmt":"2013-10-11T12:23:22","guid":{"rendered":"http:\/\/druzai.sustok.lt\/?page_id=151"},"modified":"2020-11-01T18:50:32","modified_gmt":"2020-11-01T18:50:32","slug":"varzybos","status":"publish","type":"page","link":"http:\/\/druzai.lt\/?page_id=151","title":{"rendered":"Var\u017eybos"},"content":{"rendered":"<p>B\u016brelyle dalyvauja apie 10 &#8211; 12 Dru\u017e\u0173 kaimo vaik\u0173 ir jaunimo. Jie vyksta \u012f var\u017eybas. Modelius gamina drauge su vadovu Aleksandru Antipenkovu.<\/p>\n<p>Dalyvauja var\u017eybose Marijampol\u0117je, \u0160eduvoje, Trakuose, Vilniuje.<\/p>\n<p>Dru\u017e\u0173 kaime vyksta raket\u0173 \u0161vent\u0117s.<\/p>\n<p>Spalio 5 dien\u0105 Dru\u017e\u0173 aviamodeli\u0173 b\u016brelio narys \u0160irvint\u0173 komandos sud\u0117tyje dalyvavo\u00a0 <b>XXVII LIETUVOS MOKINI\u0172 TECHNINI\u0172 SPORTO \u0160AK\u0172 SPARTAKIADOS KOSMINI\u0172 MODELI\u0172 SPORTO FINALIN\u0116SE VAR\u017dYBOSE, <\/b>kurios vyko Trak\u0173 rajone, Maud\u017ei\u016bnuose ir S-3-A klas\u0117je u\u017e\u0117m\u0117 3 viet\u0105. Arminas apdovanotas 3 vietos medaliu, taure ir diplomu.<\/p>\n<h2>Vadovas Aleksandras Antipenkovas. Sveikiname!<\/h2>\n<p>Pla\u010diau: <a href=\"http:\/\/www.lmnsc.lt\/lt\/kosminiu_modeliu\">http:\/\/www.lmnsc.lt\/lt\/kosminiu_modeliu<\/a><\/p>\n<p>&nbsp;<\/p>\n<p><a href=\"http:\/\/druzai.lt\/wp-content\/uploads\/2013\/10\/IMG_9150.jpg\"><img loading=\"lazy\" alt=\"IMG_9150\" src=\"http:\/\/druzai.lt\/wp-content\/uploads\/2013\/10\/IMG_9150.jpg\" width=\"340\" height=\"226\" \/><\/a><\/p>\n<p>&nbsp;<\/p>\n","protected":false},"excerpt":{"rendered":"<p>B\u016brelyle dalyvauja apie 10 &#8211; 12 Dru\u017e\u0173 kaimo vaik\u0173 ir jaunimo. Jie vyksta \u012f var\u017eybas. Modelius gamina drauge su vadovu Aleksandru Antipenkovu. Dalyvauja var\u017eybose Marijampol\u0117je, \u0160eduvoje, Trakuose, Vilniuje. Dru\u017e\u0173 kaime vyksta raket\u0173 \u0161vent\u0117s. Spalio 5 dien\u0105 Dru\u017e\u0173 aviamodeli\u0173 b\u016brelio narys \u0160irvint\u0173 komandos sud\u0117tyje dalyvavo\u00a0 XXVII LIETUVOS MOKINI\u0172 TECHNINI\u0172 SPORTO \u0160AK\u0172 SPARTAKIADOS KOSMINI\u0172 MODELI\u0172 SPORTO FINALIN\u0116SE [&hellip;]<\/p>\n","protected":false},"author":2,"featured_media":0,"parent":141,"menu_order":21,"comment_status":"closed","ping_status":"closed","template":"","meta":[],"_links":{"self":[{"href":"http:\/\/druzai.lt\/index.php?rest_route=\/wp\/v2\/pages\/151"}],"collection":[{"href":"http:\/\/druzai.lt\/index.php?rest_route=\/wp\/v2\/pages"}],"about":[{"href":"http:\/\/druzai.lt\/index.php?rest_route=\/wp\/v2\/types\/page"}],"author":[{"embeddable":true,"href":"http:\/\/druzai.lt\/index.php?rest_route=\/wp\/v2\/users\/2"}],"replies":[{"embeddable":true,"href":"http:\/\/druzai.lt\/index.php?rest_route=%2Fwp%2Fv2%2Fcomments&post=151"}],"version-history":[{"count":7,"href":"http:\/\/druzai.lt\/index.php?rest_route=\/wp\/v2\/pages\/151\/revisions"}],"predecessor-version":[{"id":6860,"href":"http:\/\/druzai.lt\/index.php?rest_route=\/wp\/v2\/pages\/151\/revisions\/6860"}],"up":[{"embeddable":true,"href":"http:\/\/druzai.lt\/index.php?rest_route=\/wp\/v2\/pages\/141"}],"wp:attachment":[{"href":"http:\/\/druzai.lt\/index.php?rest_route=%2Fwp%2Fv2%2Fmedia&parent=151"}],"curies":[{"name":"wp","href":"https:\/\/api.w.org\/{rel}","templated":true}]}}