{"id":139,"date":"2013-07-11T12:17:23","date_gmt":"2013-07-11T12:17:23","guid":{"rendered":"http:\/\/druzai.sustok.lt\/?page_id=139"},"modified":"2013-07-19T07:12:37","modified_gmt":"2013-07-19T07:12:37","slug":"veikla","status":"publish","type":"page","link":"http:\/\/druzai.lt\/?page_id=139","title":{"rendered":"Veikla"},"content":{"rendered":"<p>Nuo 1999 \u2013 \u0173j\u0173 met\u0173 veikia \u201eDru\u017eintos\u201c moter\u0173 klubas, i\u0161 kurio ir i\u0161augo bendruomen\u0117, kuri vienija jau 73 tikruosius narius. Moterys rengia parodas, organizuoja renginius. \u010cia rasite mezg\u0117j\u0173, aud\u0117j\u0173, n\u0117r\u0117j\u0173, floristikos m\u0117g\u0117j\u0173, ta\u010diau unikalu tai, kad \u010dia karpomi karpiniai &#8211; bendri moter\u0173 darbai.<\/p>\n<p>Per 11 veiklos met\u0173 \u012fvyko susitikimai su \u201eGijos\u201cmoter\u0173 klubu, moter\u0173 klubu \u201eJums\u201c, su \u0160irvint\u0173 moterimis ir Dalia Tei\u0161erskyte, \u0160irvint\u0173 turizmo ir verslo centre. Klube dalyvavo 14 moter\u0173, \u0161iuo metu, d\u0117l u\u017eimtumo, dalyvauja ma\u017eiau, bet aktyvumo nestinga. \u201eDru\u017eintos\u201c moter\u0173 klubo emblema<\/p>\n<p>\u201eDru\u017eintos\u201c moterys pristat\u0117 karpinius \u0160TVI centre. Pristatyme dalyvavo ir seimo nar\u0117 Dalia Tei\u0161erskyt\u0117. Moterys padovanojo jai karpin\u012f. Karpinius pristat\u0117 ir mok\u0117 karpyti \u0160irvint\u0173 moteris: Regina Smailien\u0117, Danguol\u0117 \u010ciburien\u0117, Rasa Grinien\u0117, Dalia Taparauskien\u0117.<\/p>\n","protected":false},"excerpt":{"rendered":"<p>Nuo 1999 \u2013 \u0173j\u0173 met\u0173 veikia \u201eDru\u017eintos\u201c moter\u0173 klubas, i\u0161 kurio ir i\u0161augo bendruomen\u0117, kuri vienija jau 73 tikruosius narius. Moterys rengia parodas, organizuoja renginius. \u010cia rasite mezg\u0117j\u0173, aud\u0117j\u0173, n\u0117r\u0117j\u0173, floristikos m\u0117g\u0117j\u0173, ta\u010diau unikalu tai, kad \u010dia karpomi karpiniai &#8211; bendri moter\u0173 darbai. Per 11 veiklos met\u0173 \u012fvyko susitikimai su \u201eGijos\u201cmoter\u0173 klubu, moter\u0173 klubu \u201eJums\u201c, [&hellip;]<\/p>\n","protected":false},"author":2,"featured_media":0,"parent":134,"menu_order":17,"comment_status":"closed","ping_status":"closed","template":"","meta":[],"_links":{"self":[{"href":"http:\/\/druzai.lt\/index.php?rest_route=\/wp\/v2\/pages\/139"}],"collection":[{"href":"http:\/\/druzai.lt\/index.php?rest_route=\/wp\/v2\/pages"}],"about":[{"href":"http:\/\/druzai.lt\/index.php?rest_route=\/wp\/v2\/types\/page"}],"author":[{"embeddable":true,"href":"http:\/\/druzai.lt\/index.php?rest_route=\/wp\/v2\/users\/2"}],"replies":[{"embeddable":true,"href":"http:\/\/druzai.lt\/index.php?rest_route=%2Fwp%2Fv2%2Fcomments&post=139"}],"version-history":[{"count":4,"href":"http:\/\/druzai.lt\/index.php?rest_route=\/wp\/v2\/pages\/139\/revisions"}],"predecessor-version":[{"id":1607,"href":"http:\/\/druzai.lt\/index.php?rest_route=\/wp\/v2\/pages\/139\/revisions\/1607"}],"up":[{"embeddable":true,"href":"http:\/\/druzai.lt\/index.php?rest_route=\/wp\/v2\/pages\/134"}],"wp:attachment":[{"href":"http:\/\/druzai.lt\/index.php?rest_route=%2Fwp%2Fv2%2Fmedia&parent=139"}],"curies":[{"name":"wp","href":"https:\/\/api.w.org\/{rel}","templated":true}]}}