{"id":137,"date":"2008-07-11T12:16:59","date_gmt":"2008-07-11T12:16:59","guid":{"rendered":"http:\/\/druzai.sustok.lt\/?page_id=137"},"modified":"2013-07-19T07:12:22","modified_gmt":"2013-07-19T07:12:22","slug":"parodos","status":"publish","type":"page","link":"http:\/\/druzai.lt\/?page_id=137","title":{"rendered":"Parodos"},"content":{"rendered":"<p>\u0160iais metais organizuota daug parod\u0173. Tai Val\u0117s Grinien\u0117s sod\u0173 ir siuvin\u0117t\u0173 paveiksl\u0173 paroda, Dalios Taparauskien\u0117s aust\u0173 juost\u0173 paroda &#8211; Kredito Unijoje \u201e\u016akinink\u0173 taupa\u201c<\/p>\n<p>Laimos Smailien\u0117s dirbini\u0173 i\u0161 karoliuk\u0173 paroda veik\u0117 \u0160irvint\u0173 kredito unijoje \u201e\u016akinink\u0173 taupa\u201c, Val\u0117s Grinien\u0117s siuvin\u0117t\u0173 paveiksl\u0173 paroda \u0160irvint\u0173 vie\u0161ojoje bibliotekoje.<\/p>\n<p>Kernav\u0117s \u201eBajoryn\u0117je\u201c eksponuotos \u201eDru\u017eintos karpini\u0173 parodos, tautin\u0117s juostos, lietuvi\u0161ki \u0161iaud\u0173 sodai.<\/p>\n<p>Laimos Smailien\u0117s dirbini\u0173 i\u0161 karoliuk\u0173 paroda\u00a02008-12-10<\/p>\n<p>\u0160irvint\u0173 kredito unijoje \u201e\u016akinink\u0173 taupa\u201c veikia Laimos Smailien\u0117s dirbini\u0173 i\u0161 karoliuk\u0173 paroda \u201eRasos la\u0161ais suspind\u0119s g\u0117l\u0117s \u017eiedas\u201c. Tarsi gyvos nuostabios g\u0117l\u0117s papuo\u0161\u0117 Kredito unijos patalpas, d\u017eiugino lankytoj\u0173 ir darbuotoj\u0173\u00a0 akis ir sielas. Dru\u017e\u0173 kaimo bendruomen\u0117 jau kelis metus bendradarbiauja su \u0160irvint\u0173 kredito unija.<\/p>\n<p>\u0160irvint\u0173 kredito unijoje \u201e\u016akinink\u0173 taupa\u201c organizuota bendruomen\u0117s nar\u0117s Val\u0117s Grinien\u0117s sod\u0173 ir Dalios Taparauskien\u0117s aust\u0173 juost\u0173 paroda.<\/p>\n<p>Val\u0117s Grinien\u0117s sod\u0173 ir siuvin\u0117t\u0173 paveiksl\u0173 paroda, Dalios Taparauskien\u0117s aust\u0173 juost\u0173 paroda, Danguol\u0117s \u010ciburien\u0117s ir Dalios Taparauskien\u0117s nert\u0173 serv\u0117t\u0117li\u0173\u00a0 paroda, Laimos Smailien\u0117s dirbini\u0173 i\u0161 karoliuk\u0173 paroda, Gabijos Grudzinskait\u0117s velt\u0173 papuo\u0161al\u0173 paroda, \u201eDru\u017eintos\u201c karpini\u0173 paroda veik\u0117 \u0160irvint\u0173 kult\u016bros centro Dru\u017e\u0173 filiale, Kra\u0161tie\u010di\u0173 \u0161vent\u0117s metu.<\/p>\n<p>\u0160irvint\u0173 kredito unijoje \u201e\u016akinink\u0173 taupa\u201c organizuota bendruomen\u0117s nar\u0117s Val\u0117s Grinien\u0117s siuvin\u0117t\u0173 paveiksl\u0173 paroda.<\/p>\n<p>Dru\u017e\u0173 bibliotekinink\u0117s Dalios Taparauskien\u0117s megzt\u0173 \u017eaisl\u0173 parodos Lapeli\u0173 bibliotekoje eksponuoti 22 \u017eaislai \u2013 \u012fvairi\u0173 knyg\u0173 herojai. Paroda labai patiko Lapeli\u0173 bibliotekos lankytojams. Eksponuota tik ma\u017ea dalis \u017eaisl\u0173, jei norite pamatyti daugiau: u\u017esukite \u012f Dru\u017e\u0173 bibliotek\u0105.<\/p>\n<p>Dru\u017e\u0173 kaimo bendruomen\u0117s patalpose veik\u0117 Joanos Zinkevi\u010di\u0117n\u0117s, Kredito unijos \u201e\u016akinink\u0173 taupa\u201c valdybos pirminink\u0117s tapyt\u0173 paveiksl\u0173<\/p>\n<p>paroda. Joana Zinkevi\u010dien\u0117 &#8211; \u201eAuksinio vainiko\u201c 2006, 2007 met\u0173 laureat\u0117.<\/p>\n<p>Dru\u017e\u0173 kaimo bendruomen\u0117s patalpose veik\u0117 Lapeli\u0173 kaimo moter\u0173 rankdarbi\u0173 paroda, Kra\u0161tie\u010di\u0173 \u0161vent\u0117s fotografij\u0173 paroda.<\/p>\n<p>\u201eDru\u017eintos\u201cmoter\u0173 klubo karpiniai dalyvavo Vilniaus apskrities meno parodoje \u201eAuksinis vainikas\u201c. Karpiniai eksponuoti Gelvonuose,\u00a0\u0161vent\u0117je \u201eSupra\u0161\u0117 \u017evirblelis\u201c<\/p>\n","protected":false},"excerpt":{"rendered":"<p>\u0160iais metais organizuota daug parod\u0173. Tai Val\u0117s Grinien\u0117s sod\u0173 ir siuvin\u0117t\u0173 paveiksl\u0173 paroda, Dalios Taparauskien\u0117s aust\u0173 juost\u0173 paroda &#8211; Kredito Unijoje \u201e\u016akinink\u0173 taupa\u201c Laimos Smailien\u0117s dirbini\u0173 i\u0161 karoliuk\u0173 paroda veik\u0117 \u0160irvint\u0173 kredito unijoje \u201e\u016akinink\u0173 taupa\u201c, Val\u0117s Grinien\u0117s siuvin\u0117t\u0173 paveiksl\u0173 paroda \u0160irvint\u0173 vie\u0161ojoje bibliotekoje. Kernav\u0117s \u201eBajoryn\u0117je\u201c eksponuotos \u201eDru\u017eintos karpini\u0173 parodos, tautin\u0117s juostos, lietuvi\u0161ki \u0161iaud\u0173 sodai. Laimos [&hellip;]<\/p>\n","protected":false},"author":2,"featured_media":0,"parent":134,"menu_order":16,"comment_status":"closed","ping_status":"closed","template":"","meta":[],"_links":{"self":[{"href":"http:\/\/druzai.lt\/index.php?rest_route=\/wp\/v2\/pages\/137"}],"collection":[{"href":"http:\/\/druzai.lt\/index.php?rest_route=\/wp\/v2\/pages"}],"about":[{"href":"http:\/\/druzai.lt\/index.php?rest_route=\/wp\/v2\/types\/page"}],"author":[{"embeddable":true,"href":"http:\/\/druzai.lt\/index.php?rest_route=\/wp\/v2\/users\/2"}],"replies":[{"embeddable":true,"href":"http:\/\/druzai.lt\/index.php?rest_route=%2Fwp%2Fv2%2Fcomments&post=137"}],"version-history":[{"count":11,"href":"http:\/\/druzai.lt\/index.php?rest_route=\/wp\/v2\/pages\/137\/revisions"}],"predecessor-version":[{"id":296,"href":"http:\/\/druzai.lt\/index.php?rest_route=\/wp\/v2\/pages\/137\/revisions\/296"}],"up":[{"embeddable":true,"href":"http:\/\/druzai.lt\/index.php?rest_route=\/wp\/v2\/pages\/134"}],"wp:attachment":[{"href":"http:\/\/druzai.lt\/index.php?rest_route=%2Fwp%2Fv2%2Fmedia&parent=137"}],"curies":[{"name":"wp","href":"https:\/\/api.w.org\/{rel}","templated":true}]}}