{"id":123,"date":"2013-07-11T12:09:00","date_gmt":"2013-07-11T12:09:00","guid":{"rendered":"http:\/\/druzai.sustok.lt\/?page_id=123"},"modified":"2020-11-01T17:54:45","modified_gmt":"2020-11-01T17:54:45","slug":"taryba","status":"publish","type":"page","link":"http:\/\/druzai.lt\/?page_id=123","title":{"rendered":"Bendruomen\u0117s forumas: bendraukime"},"content":{"rendered":"<p>Dru\u017e\u0173 kaimo bendruomen\u0117s forumas:<\/p>\n<p>Dru\u017e\u0173 kaimo bendruomen\u0117s privati grup\u0117:<\/p>\n<p><a href=\"https:\/\/www.facebook.com\/groups\/1138984876496702\">https:\/\/www.facebook.com\/groups\/1138984876496702<\/a><\/p>\n<p>Dru\u017e\u0173 forumas:<\/p>\n<p><a href=\"msngr.com\/7Vhf9ypWdZdlJhje\">msngr.com\/7Vhf9ypWdZdlJhj<\/a>e<\/p>\n<p>&nbsp;<\/p>\n<p>&nbsp;<\/p>\n<p>Dru\u017e\u0173 kaimo bendruomen\u0117s pagrindinid valdymo organas\u00a0 &#8211; taryba, kuri\u0105 sudaro 11 nari\u0173.<\/p>\n<p>Susisiekti galite:<\/p>\n<table width=\"100%\" border=\"0\" cellspacing=\"0\" cellpadding=\"0\">\n<tbody>\n<tr>\n<td valign=\"top\"><img loading=\"lazy\" alt=\"\" src=\"http:\/\/druzai.lt\/wp-content\/themes\/bs\/images\/feedback\/geo.png\" width=\"32\" height=\"32\" \/>Sod\u017eiaus 10, Dru\u017e\u0173 kaimas, \u0160irvint\u0173 raj. LT \u2013 19105<br \/>\n\u0160irvint\u0173 raj.<br \/>\nVilniaus apskritis<br \/>\nLT -19105<br \/>\nLietuva<\/td>\n<\/tr>\n<\/tbody>\n<\/table>\n<p>&nbsp;<\/p>\n<table width=\"100%\" border=\"0\" cellspacing=\"0\" cellpadding=\"0\">\n<tbody>\n<tr>\n<td valign=\"center\"><img loading=\"lazy\" alt=\"\" src=\"http:\/\/druzai.lt\/wp-content\/themes\/bs\/images\/feedback\/mail.png\" width=\"32\" height=\"32\" \/>druzubendruomene@gmail.com<\/td>\n<\/tr>\n<\/tbody>\n<\/table>\n<p>&nbsp;<\/p>\n<table width=\"100%\" border=\"0\" cellspacing=\"0\" cellpadding=\"0\">\n<tbody>\n<tr>\n<td valign=\"center\"><img loading=\"lazy\" alt=\"\" src=\"http:\/\/druzai.lt\/wp-content\/themes\/bs\/images\/feedback\/phone.png\" width=\"32\" height=\"32\" \/>8 382 47711<br \/>\n8 600 18470<\/td>\n<\/tr>\n<\/tbody>\n<\/table>\n","protected":false},"excerpt":{"rendered":"<p>Dru\u017e\u0173 kaimo bendruomen\u0117s forumas: Dru\u017e\u0173 kaimo bendruomen\u0117s privati grup\u0117: https:\/\/www.facebook.com\/groups\/1138984876496702 Dru\u017e\u0173 forumas: msngr.com\/7Vhf9ypWdZdlJhje &nbsp; &nbsp; Dru\u017e\u0173 kaimo bendruomen\u0117s pagrindinid valdymo organas\u00a0 &#8211; taryba, kuri\u0105 sudaro 11 nari\u0173. Susisiekti galite: Sod\u017eiaus 10, Dru\u017e\u0173 kaimas, \u0160irvint\u0173 raj. LT \u2013 19105 \u0160irvint\u0173 raj. Vilniaus apskritis LT -19105 Lietuva &nbsp; druzubendruomene@gmail.com &nbsp; 8 382 47711 8 600 18470<\/p>\n","protected":false},"author":2,"featured_media":0,"parent":21,"menu_order":11,"comment_status":"closed","ping_status":"closed","template":"","meta":[],"_links":{"self":[{"href":"http:\/\/druzai.lt\/index.php?rest_route=\/wp\/v2\/pages\/123"}],"collection":[{"href":"http:\/\/druzai.lt\/index.php?rest_route=\/wp\/v2\/pages"}],"about":[{"href":"http:\/\/druzai.lt\/index.php?rest_route=\/wp\/v2\/types\/page"}],"author":[{"embeddable":true,"href":"http:\/\/druzai.lt\/index.php?rest_route=\/wp\/v2\/users\/2"}],"replies":[{"embeddable":true,"href":"http:\/\/druzai.lt\/index.php?rest_route=%2Fwp%2Fv2%2Fcomments&post=123"}],"version-history":[{"count":5,"href":"http:\/\/druzai.lt\/index.php?rest_route=\/wp\/v2\/pages\/123\/revisions"}],"predecessor-version":[{"id":1599,"href":"http:\/\/druzai.lt\/index.php?rest_route=\/wp\/v2\/pages\/123\/revisions\/1599"}],"up":[{"embeddable":true,"href":"http:\/\/druzai.lt\/index.php?rest_route=\/wp\/v2\/pages\/21"}],"wp:attachment":[{"href":"http:\/\/druzai.lt\/index.php?rest_route=%2Fwp%2Fv2%2Fmedia&parent=123"}],"curies":[{"name":"wp","href":"https:\/\/api.w.org\/{rel}","templated":true}]}}